{"id":1241,"date":"2023-11-19T18:15:26","date_gmt":"2023-11-19T17:15:26","guid":{"rendered":"http:\/\/142.132.203.237\/~zenmassa\/tmp\/?page_id=1241"},"modified":"2023-11-28T15:55:55","modified_gmt":"2023-11-28T14:55:55","slug":"gift-card","status":"publish","type":"page","link":"https:\/\/zenmassage.dk\/da\/gift-card","title":{"rendered":"Gavekort"},"content":{"rendered":"<h3 class=\"wp-block-heading\">\ud83c\udf3c Afslapning venter p\u00e5 Zen Massage! Gavekort til r\u00e5dighed nu! \ud83c\udf3c<\/h3>\n\n\n\n<p class=\"has-text-align-justify\">Fork\u00e6l dig selv med den ultimative fork\u00e6lelsesoplevelse med Zen Massages uds\u00f8gte gavekort. \ud83c\udf81\u2728 Uanset om du leder efter den perfekte gave til en du holder af eller \u00f8nsker at fork\u00e6le dig selv, \u00e5bner vores gavekort d\u00f8ren til en verden af sindsro og afslapning.<\/p>\n\n\n\n<h4 class=\"wp-block-heading\">*K\u00f8b det i Zen Massage shop eller online<\/h4>\n\n\n\n<p>Uanset om det er til en s\u00e6rlig lejlighed eller en tankev\u00e6kkende gestus, er et Zen Massage-gavekort indgangen til afslapning og velv\u00e6re. Giv fredens gave i dag!<\/p>\n\n\n\n<div class=\"wp-block-columns has-background is-layout-flex wp-container-core-columns-is-layout-9d6595d7 wp-block-columns-is-layout-flex\" style=\"background-color:#f78da826\">\n<div class=\"wp-block-column is-layout-flow wp-block-column-is-layout-flow\">\n<h5 class=\"wp-block-heading\"><strong>S\u00e5dan k\u00f8ber du<\/strong><\/h5>\n\n\n\n<ol class=\"wp-block-list\">\n<li>Bes\u00f8g vores hjemmeside <\/li>\n\n\n\n<li>V\u00e6lg det \u00f8nskede bel\u00f8b eller servicepakke.<\/li>\n\n\n\n<li>Tilf\u00f8j en personlig besked for det ekstra specielle touch.<\/li>\n\n\n\n<li>Tjek sikkert ud og modtag e-gavekortet med det samme.<\/li>\n<\/ol>\n\n\n\n<p>Giv denne s\u00e6son roens gave med Zen Massage-gavekort. \ud83c\udf3a\ud83c\udf1f Fordi alle fortjener et \u00f8jebliks ro.<\/p>\n\n\n\n<div class=\"wp-block-buttons is-content-justification-center is-layout-flex wp-container-core-buttons-is-layout-16018d1d wp-block-buttons-is-layout-flex\">\n<div class=\"wp-block-button\"><a class=\"wp-block-button__link wp-element-button\" href=\"https:\/\/zen-massage.planway.com\/widget\/buy_giftcard\">K\u00f8b nu<\/a><\/div>\n<\/div>\n<\/div>\n\n\n\n<div class=\"wp-block-column is-layout-flow wp-block-column-is-layout-flow\">\n<h5 class=\"wp-block-heading\"><strong>Vilk\u00e5r og betingelser for gavekort<\/strong><\/h5>\n\n\n\n<ol class=\"wp-block-list\"><\/ol>\n\n\n\n<ol class=\"wp-block-list\">\n<li>Dette gavekort kan ikke indl\u00f8ses til kontanter.<\/li>\n\n\n\n<li>Gavekortet kan kun bruges til tjenester p\u00e5 Zen Massage-steder.<\/li>\n\n\n\n<li>Gavekortet er gyldigt i 24 m\u00e5neder fra k\u00f8bsdatoen.<\/li>\n\n\n\n<li>Sessioner skal planl\u00e6gges inden for gyldighedsperioden, afh\u00e6ngigt af terapeutens tilg\u00e6ngelighed.<\/li>\n\n\n\n<li>Kunder skal give 24 timers varsel for aflysninger eller oml\u00e6gninger.<\/li>\n\n\n\n<li>Ubrugt gavekort efter gyldighedsperioden kan udl\u00f8be, og der ydes ingen refusion<\/li>\n\n\n\n<li>Yderligere tjenester eller opgraderinger kan medf\u00f8re ekstra gebyrer.<\/li>\n\n\n\n<li>Zen Massage kan tildele forskellige terapeuter baseret p\u00e5 tilg\u00e6ngelighed.<\/li>\n\n\n\n<li>Zen Massage kan \u00e6ndre disse vilk\u00e5r uden forudg\u00e5ende varsel.<\/li>\n<\/ol>\n\n\n\n<p><em>Zen Massage \u2013 Hvor afslapning m\u00f8der velv\u00e6re.<\/em><\/p>\n<\/div>\n<\/div>","protected":false},"excerpt":{"rendered":"<p>\ud83c\udf3c Afslapning venter p\u00e5 Zen Massage! Gavekort til r\u00e5dighed nu! \ud83c\udf3c Fork\u00e6l dig selv med den ultimative fork\u00e6lelsesoplevelse med Zen Massages uds\u00f8gte gavekort. \ud83c\udf81\u2728 Uanset om du leder efter den perfekte gave til en du holder af eller \u00f8nsker at fork\u00e6le dig selv, \u00e5bner vores gavekort d\u00f8ren til en verden af sindsro og afslapning. *K\u00f8b det i Zen Massage-butik eller online Uanset om det er til en s\u00e6rlig lejlighed eller en tankev\u00e6kkende gestus, et Zen Massage-gavekort ... <\/p>","protected":false},"author":10,"featured_media":406,"parent":0,"menu_order":0,"comment_status":"closed","ping_status":"closed","template":"","meta":{"_eb_attr":"","inline_featured_image":false,"footnotes":""},"class_list":["post-1241","page","type-page","status-publish","has-post-thumbnail","hentry","latest_post"],"jetpack_sharing_enabled":true,"_links":{"self":[{"href":"https:\/\/zenmassage.dk\/da\/wp-json\/wp\/v2\/pages\/1241","targetHints":{"allow":["GET"]}}],"collection":[{"href":"https:\/\/zenmassage.dk\/da\/wp-json\/wp\/v2\/pages"}],"about":[{"href":"https:\/\/zenmassage.dk\/da\/wp-json\/wp\/v2\/types\/page"}],"author":[{"embeddable":true,"href":"https:\/\/zenmassage.dk\/da\/wp-json\/wp\/v2\/users\/10"}],"replies":[{"embeddable":true,"href":"https:\/\/zenmassage.dk\/da\/wp-json\/wp\/v2\/comments?post=1241"}],"version-history":[{"count":7,"href":"https:\/\/zenmassage.dk\/da\/wp-json\/wp\/v2\/pages\/1241\/revisions"}],"predecessor-version":[{"id":1322,"href":"https:\/\/zenmassage.dk\/da\/wp-json\/wp\/v2\/pages\/1241\/revisions\/1322"}],"wp:featuredmedia":[{"embeddable":true,"href":"https:\/\/zenmassage.dk\/da\/wp-json\/wp\/v2\/media\/406"}],"wp:attachment":[{"href":"https:\/\/zenmassage.dk\/da\/wp-json\/wp\/v2\/media?parent=1241"}],"curies":[{"name":"wp","href":"https:\/\/api.w.org\/{rel}","templated":true}]}}