{"id":1268,"date":"2023-11-19T19:08:50","date_gmt":"2023-11-19T18:08:50","guid":{"rendered":"http:\/\/142.132.203.237\/~zenmassa\/tmp\/?page_id=1268"},"modified":"2024-06-03T16:50:26","modified_gmt":"2024-06-03T14:50:26","slug":"6-massage-sessions","status":"publish","type":"page","link":"https:\/\/zenmassage.dk\/da\/6-massage-sessions","title":{"rendered":"6 massage sessioner"},"content":{"rendered":"<h4 class=\"wp-block-heading\">Eksklusiv kampagne! 10% Rabat for 6 massagesessioner hos Zen Massage<\/h4>\n\n\n\n<p class=\"has-text-align-justify\">Vi er glade for at annoncere rabatten p\u00e5 6 gange massage af Zen Massage, din ultimative destination for salig afslapning og foryngelse. For at fejre denne betydningsfulde lejlighed tilbyder vi en ekstraordin\u00e6r kampagne. Nu kan du nyde en fabelagtig 10% rabat p\u00e5 vores massagetjenester, n\u00e5r du booker din f\u00f8rste session, og f\u00e5 6-sessionspakken til 10% rabat!<\/p>\n\n\n\n<p><strong>*K\u00f8b det kun i Zen Massage shop<\/strong><\/p>\n\n\n\n<figure class=\"wp-block-image size-large is-style-default\"><img data-recalc-dims=\"1\" loading=\"lazy\" decoding=\"async\" width=\"767\" height=\"541\" src=\"https:\/\/i0.wp.com\/zenmassage.dk\/wp-content\/uploads\/2023\/11\/2_20230713_102347_0001.png?resize=767%2C541&#038;ssl=1\" alt=\"\" class=\"wp-image-1269\" srcset=\"https:\/\/i0.wp.com\/zenmassage.dk\/wp-content\/uploads\/2023\/11\/2_20230713_102347_0001.png?resize=1024%2C722&amp;ssl=1 1024w, https:\/\/i0.wp.com\/zenmassage.dk\/wp-content\/uploads\/2023\/11\/2_20230713_102347_0001.png?resize=300%2C212&amp;ssl=1 300w, https:\/\/i0.wp.com\/zenmassage.dk\/wp-content\/uploads\/2023\/11\/2_20230713_102347_0001.png?resize=768%2C541&amp;ssl=1 768w, https:\/\/i0.wp.com\/zenmassage.dk\/wp-content\/uploads\/2023\/11\/2_20230713_102347_0001.png?resize=1536%2C1083&amp;ssl=1 1536w, https:\/\/i0.wp.com\/zenmassage.dk\/wp-content\/uploads\/2023\/11\/2_20230713_102347_0001.png?resize=18%2C12&amp;ssl=1 18w, https:\/\/i0.wp.com\/zenmassage.dk\/wp-content\/uploads\/2023\/11\/2_20230713_102347_0001.png?resize=85%2C60&amp;ssl=1 85w, https:\/\/i0.wp.com\/zenmassage.dk\/wp-content\/uploads\/2023\/11\/2_20230713_102347_0001.png?resize=600%2C423&amp;ssl=1 600w, https:\/\/i0.wp.com\/zenmassage.dk\/wp-content\/uploads\/2023\/11\/2_20230713_102347_0001.png?w=2000&amp;ssl=1 2000w\" sizes=\"auto, (max-width: 767px) 100vw, 767px\" \/><\/figure>\n\n\n\n<h6 class=\"wp-block-heading\">Vilk\u00e5r og betingelser for 6 massagesessioner<\/h6>\n\n\n\n<ol class=\"wp-block-list\">\n<li>De &quot;6 massagesessioner&quot; kan ikke indl\u00f8ses til kontanter.<\/li>\n\n\n\n<li>Pakken &quot;6 massagesessioner&quot; inkluderer 6 individuelle massagesessioner.<\/li>\n\n\n\n<li>Pakken er gyldig i 12 m\u00e5neder fra k\u00f8bsdatoen.<\/li>\n\n\n\n<li>Sessioner skal planl\u00e6gges inden for gyldighedsperioden, afh\u00e6ngigt af terapeutens tilg\u00e6ngelighed.<\/li>\n\n\n\n<li>Kunder skal give 24 timers varsel for aflysninger eller oml\u00e6gninger.<\/li>\n\n\n\n<li>Ubrugte sessioner efter gyldighedsperioden kan udl\u00f8be, og der ydes ingen refusion.<\/li>\n\n\n\n<li>Pakken kan ikke overdrages og kan kun bruges af den person, der har et navn p\u00e5 kortet.<\/li>\n\n\n\n<li>Yderligere tjenester eller opgraderinger kan medf\u00f8re ekstra gebyrer.<\/li>\n\n\n\n<li>Zen Massage kan tildele forskellige terapeuter baseret p\u00e5 tilg\u00e6ngelighed.<\/li>\n\n\n\n<li>Zen Massage kan \u00e6ndre disse vilk\u00e5r uden forudg\u00e5ende varsel.<\/li>\n<\/ol>\n\n\n\n<p>Nyd dine massagesessioner hos Zen Massage!<\/p>","protected":false},"excerpt":{"rendered":"<p>Eksklusiv kampagne! 10% rabat for 6 massagesessioner hos Zen Massage Vi er begejstrede for at annoncere rabat p\u00e5 6 gange massage af Zen Massage, din ultimative destination for salig afslapning og foryngelse. For at fejre denne betydningsfulde lejlighed tilbyder vi en ekstraordin\u00e6r kampagne. Nu kan du nyde en fabelagtig 10% rabat p\u00e5 vores massagetjenester, n\u00e5r du booker din f\u00f8rste session, og f\u00e5 6-sessionspakken til 10% rabat! *K\u00f8b det i Zen Massage shop... <\/p>","protected":false},"author":10,"featured_media":424,"parent":0,"menu_order":0,"comment_status":"closed","ping_status":"closed","template":"","meta":{"_eb_attr":"","inline_featured_image":false,"footnotes":""},"class_list":["post-1268","page","type-page","status-publish","has-post-thumbnail","hentry","latest_post"],"jetpack_sharing_enabled":true,"_links":{"self":[{"href":"https:\/\/zenmassage.dk\/da\/wp-json\/wp\/v2\/pages\/1268","targetHints":{"allow":["GET"]}}],"collection":[{"href":"https:\/\/zenmassage.dk\/da\/wp-json\/wp\/v2\/pages"}],"about":[{"href":"https:\/\/zenmassage.dk\/da\/wp-json\/wp\/v2\/types\/page"}],"author":[{"embeddable":true,"href":"https:\/\/zenmassage.dk\/da\/wp-json\/wp\/v2\/users\/10"}],"replies":[{"embeddable":true,"href":"https:\/\/zenmassage.dk\/da\/wp-json\/wp\/v2\/comments?post=1268"}],"version-history":[{"count":5,"href":"https:\/\/zenmassage.dk\/da\/wp-json\/wp\/v2\/pages\/1268\/revisions"}],"predecessor-version":[{"id":1563,"href":"https:\/\/zenmassage.dk\/da\/wp-json\/wp\/v2\/pages\/1268\/revisions\/1563"}],"wp:featuredmedia":[{"embeddable":true,"href":"https:\/\/zenmassage.dk\/da\/wp-json\/wp\/v2\/media\/424"}],"wp:attachment":[{"href":"https:\/\/zenmassage.dk\/da\/wp-json\/wp\/v2\/media?parent=1268"}],"curies":[{"name":"wp","href":"https:\/\/api.w.org\/{rel}","templated":true}]}}