{"id":1423,"date":"2024-02-19T19:05:47","date_gmt":"2024-02-19T18:05:47","guid":{"rendered":"http:\/\/142.132.203.237\/~zenmassa\/tmp\/?page_id=1423"},"modified":"2024-02-28T11:53:05","modified_gmt":"2024-02-28T10:53:05","slug":"corporate-massage","status":"publish","type":"page","link":"https:\/\/zenmassage.dk\/da\/corporate-massage","title":{"rendered":"Firmamassage"},"content":{"rendered":"<h3 class=\"wp-block-heading\">Velkommen til Zen Massage Corporate massage Services<\/h3>\n\n\n\n<p class=\"has-text-align-justify\">Hos Zen Massage tror vi p\u00e5 kraften i afslapning og foryngelse for at \u00f8ge produktiviteten og det generelle velv\u00e6re. Som en fremadstormende virksomhedsejer forst\u00e5r du vigtigheden af at prioritere medarbejdernes sundhed. Det er derfor, vi er glade for at introducere vores virksomhedsmassagetjenester, designet til at bringe de beroligende fordele ved massageterapi direkte til dine medarbejdere og din arbejdsplads.<\/p>\n\n\n\n<h3 class=\"wp-block-heading\">Hvorfor v\u00e6lge Corporate med Zen Massage til dine medarbejdere?<\/h3>\n\n\n<div class=\"wp-block-image\">\n<figure class=\"aligncenter size-full is-resized\"><img data-recalc-dims=\"1\" loading=\"lazy\" decoding=\"async\" width=\"767\" height=\"643\" src=\"https:\/\/i0.wp.com\/zenmassage.dk\/wp-content\/uploads\/2024\/02\/corporate-massage-2.png?resize=767%2C643&#038;ssl=1\" alt=\"\" class=\"wp-image-1428\" style=\"width:583px;height:auto\" srcset=\"https:\/\/i0.wp.com\/zenmassage.dk\/wp-content\/uploads\/2024\/02\/corporate-massage-2.png?w=940&amp;ssl=1 940w, https:\/\/i0.wp.com\/zenmassage.dk\/wp-content\/uploads\/2024\/02\/corporate-massage-2.png?resize=300%2C251&amp;ssl=1 300w, https:\/\/i0.wp.com\/zenmassage.dk\/wp-content\/uploads\/2024\/02\/corporate-massage-2.png?resize=768%2C644&amp;ssl=1 768w, https:\/\/i0.wp.com\/zenmassage.dk\/wp-content\/uploads\/2024\/02\/corporate-massage-2.png?resize=14%2C12&amp;ssl=1 14w, https:\/\/i0.wp.com\/zenmassage.dk\/wp-content\/uploads\/2024\/02\/corporate-massage-2.png?resize=72%2C60&amp;ssl=1 72w, https:\/\/i0.wp.com\/zenmassage.dk\/wp-content\/uploads\/2024\/02\/corporate-massage-2.png?resize=600%2C503&amp;ssl=1 600w\" sizes=\"auto, (max-width: 767px) 100vw, 767px\" \/><\/figure>\n<\/div>\n\n\n<h5 class=\"wp-block-heading\">1. Stressreduktion og sp\u00e6ndingsreduktion:<\/h5>\n\n\n\n<p class=\"has-text-align-justify\">I nutidens hurtige arbejdsmilj\u00f8 kan stress og sp\u00e6ndinger opbygges hurtigt, hvilket f\u00f8rer til nedsat moral og produktivitet. Vores massage-sessioner p\u00e5 stedet giver et velkomment pusterum fra det daglige arbejde, og hj\u00e6lper medarbejderne med at slappe af og slippe sp\u00e6ndinger, der er lagret i deres kroppe.<\/p>\n\n\n\n<h5 class=\"wp-block-heading\">2. \u00d8get moral og medarbejdertilfredshed:<\/h5>\n\n\n\n<p class=\"has-text-align-justify\">Investering i dine medarbejderes trivsel viser, at du v\u00e6rds\u00e6tter deres bidrag og bekymrer dig om deres helbred. At tilbyde regelm\u00e6ssige massagesessioner som en fordel p\u00e5 arbejdspladsen kan \u00f8ge moralen betydeligt og \u00f8ge den samlede arbejdstilfredshed, hvilket f\u00f8rer til h\u00f8jere fastholdelsesrater og en mere positiv virksomhedskultur.<\/p>\n\n\n\n<h5 class=\"wp-block-heading\">3. Forbedret fokus og produktivitet:<\/h5>\n\n\n\n<p class=\"has-text-align-justify\">Ved at fremme afslapning og reducere stressniveauer kan vores virksomhedsmassage-tjenester hj\u00e6lpe medarbejderne til at f\u00f8le sig mere fokuserede, energiske og klar til at tackle deres opgaver med fornyet kraft. Unders\u00f8gelser har vist, at medarbejdere, der modtager regelm\u00e6ssig massage, er mere opm\u00e6rksomme og produktive, hvilket f\u00f8rer til h\u00e5ndgribelige fordele for din bundlinje.<\/p>\n\n\n\n<h5 class=\"wp-block-heading\">4. Bekvemmelighed og tilg\u00e6ngelighed:<\/h5>\n\n\n\n<p class=\"has-text-align-justify\">Vores tjenester er designet til at v\u00e6re bekvemme og tilg\u00e6ngelige for dit team. Vi kan give massage p\u00e5 vores studie, Zen Massage, beliggende p\u00e5 Bakkeg\u00e5rds Alle 11, 1804 Frederiksberg. Alternativt kan vores terapeuter oprette et udpeget massageomr\u00e5de i dit kontorlokale, s\u00e5 medarbejderne kan nyde fordelene ved massage uden at skulle forlade lokalerne.<\/p>\n\n\n\n<h5 class=\"wp-block-heading\">5. Tilpassede pakker:<\/h5>\n\n\n\n<p class=\"has-text-align-justify\">Vi tilbyder fleksible pakker, der er skr\u00e6ddersyet til at passe til din virksomheds specifikke behov og pr\u00e6ferencer. Dette omfatter skattem\u00e6ssig begunstigende finansiering s\u00e5som bruttol\u00f8nsordning. Uanset om du er interesseret i ugentlige, to-ugentlige eller m\u00e5nedlige sessioner, kan vi oprette en skr\u00e6ddersyet plan, der stemmer overens med din tidsplan og dit budget.<\/p>\n\n\n\n<h5 class=\"wp-block-heading\">6. Finansierings- og skattebestemmelserne<\/h5>\n\n\n\n<p class=\"has-text-align-justify\">Hvis en virksomhed yder sundhedsm\u00e6ssige fordele til sine ansatte, s\u00e5som massageprogrammer designet til at forebygge og behandle arbejdsrelaterede skader og gener, er udgifterne typisk fuldt fradragsberettigede og kan bogf\u00f8res i virksomhedens driftsregnskab.<\/p>\n\n\n\n<p class=\"has-text-align-justify\">Endvidere kan medarbejdere ogs\u00e5 modtage disse ydelser skattefrit for udgifter i forbindelse med forebyggelse og behandling af arbejdsbetingede skader eller sygdomme. <strong>Du kan l\u00e6se mere om det fra linket nedenfor.<\/strong><\/p>\n\n\n\n<h5 class=\"wp-block-heading has-black-color has-text-color has-link-color wp-elements-7e23b446a964802ec8f5b795cd8c8bf2\"><a href=\"https:\/\/skat.dk\/borger\/personalegoder-hvis-du-er-medarbejder\/bruttoloensordning\" target=\"_blank\" rel=\"noreferrer noopener\">Bruttol\u00f8nsordning (l\u00f8noml\u00e6gning, fleksibel l\u00f8npakke)<\/a><\/h5>\n\n\n\n<h5 class=\"wp-block-heading has-black-color has-text-color has-link-color wp-elements-c29d7f4a07d07c01a76d83c97255526b\"><a href=\"https:\/\/skat.dk\/erhverv\/ansatte-og-loen\/personalegoder-naar-du-er-arbejdsgiver\/sundhedsydelser-skattepligtige-og-skattefri\" target=\"_blank\" rel=\"noreferrer noopener\">Sundhedsydelser \u2013 skattepligtige og skattefrie<\/a><\/h5>\n\n\n<div class=\"wp-block-image\">\n<figure class=\"aligncenter size-full\"><img data-recalc-dims=\"1\" loading=\"lazy\" decoding=\"async\" width=\"767\" height=\"643\" src=\"https:\/\/i0.wp.com\/zenmassage.dk\/wp-content\/uploads\/2024\/02\/corporate-massage-3.png?resize=767%2C643&#038;ssl=1\" alt=\"\" class=\"wp-image-1435\" srcset=\"https:\/\/i0.wp.com\/zenmassage.dk\/wp-content\/uploads\/2024\/02\/corporate-massage-3.png?w=940&amp;ssl=1 940w, https:\/\/i0.wp.com\/zenmassage.dk\/wp-content\/uploads\/2024\/02\/corporate-massage-3.png?resize=300%2C251&amp;ssl=1 300w, https:\/\/i0.wp.com\/zenmassage.dk\/wp-content\/uploads\/2024\/02\/corporate-massage-3.png?resize=768%2C644&amp;ssl=1 768w, https:\/\/i0.wp.com\/zenmassage.dk\/wp-content\/uploads\/2024\/02\/corporate-massage-3.png?resize=14%2C12&amp;ssl=1 14w, https:\/\/i0.wp.com\/zenmassage.dk\/wp-content\/uploads\/2024\/02\/corporate-massage-3.png?resize=72%2C60&amp;ssl=1 72w, https:\/\/i0.wp.com\/zenmassage.dk\/wp-content\/uploads\/2024\/02\/corporate-massage-3.png?resize=600%2C503&amp;ssl=1 600w\" sizes=\"auto, (max-width: 767px) 100vw, 767px\" \/><\/figure>\n<\/div>\n\n\n<h3 class=\"wp-block-heading\">Klar til at komme i gang?<\/h3>\n\n\n\n<p class=\"has-text-align-justify\">At investere i dine medarbejderes trivsel er en investering i din virksomheds succes. Med Zen Massages virksomhedsmassagetjenester kan du skabe et sundere, gladere og mere produktivt arbejdspladsmilj\u00f8. Kontakt os i dag for at l\u00e6re mere om vores pakker og planl\u00e6gge din f\u00f8rste massagesession p\u00e5 stedet.<\/p>\n\n\n\n<p class=\"has-text-align-justify\">Forvandl dit kontor til et fristed for afslapning med Zen Massage. Dine medarbejdere vil takke dig for det.<\/p>\n\n\n\n<div class=\"wp-block-buttons is-content-justification-center is-layout-flex wp-container-core-buttons-is-layout-16018d1d wp-block-buttons-is-layout-flex\">\n<div class=\"wp-block-button\"><a class=\"wp-block-button__link has-pale-pink-color has-text-color has-link-color wp-element-button\" href=\"https:\/\/zenmassage.dk\/da\/contact-us\/\">KONTAKT OS<\/a><\/div>\n<\/div>","protected":false},"excerpt":{"rendered":"<p>Velkommen til Zen Massage Corporate massage Services Hos Zen Massage tror vi p\u00e5 kraften i afslapning og foryngelse for at \u00f8ge produktiviteten og det generelle velv\u00e6re. Som en fremadstormende virksomhedsejer forst\u00e5r du vigtigheden af at prioritere medarbejdernes sundhed. Det er derfor, vi er glade for at introducere vores virksomhedsmassagetjenester, designet til at bringe de beroligende fordele ved massageterapi direkte til dine medarbejdere og din arbejdsplads. Hvorfor v\u00e6lge Corporate med Zen Massage til dine medarbejdere? 1. Stress \u2026 <\/p>","protected":false},"author":10,"featured_media":1426,"parent":0,"menu_order":0,"comment_status":"closed","ping_status":"closed","template":"","meta":{"_eb_attr":"","inline_featured_image":false,"footnotes":""},"class_list":["post-1423","page","type-page","status-publish","has-post-thumbnail","hentry","latest_post"],"jetpack_sharing_enabled":true,"_links":{"self":[{"href":"https:\/\/zenmassage.dk\/da\/wp-json\/wp\/v2\/pages\/1423","targetHints":{"allow":["GET"]}}],"collection":[{"href":"https:\/\/zenmassage.dk\/da\/wp-json\/wp\/v2\/pages"}],"about":[{"href":"https:\/\/zenmassage.dk\/da\/wp-json\/wp\/v2\/types\/page"}],"author":[{"embeddable":true,"href":"https:\/\/zenmassage.dk\/da\/wp-json\/wp\/v2\/users\/10"}],"replies":[{"embeddable":true,"href":"https:\/\/zenmassage.dk\/da\/wp-json\/wp\/v2\/comments?post=1423"}],"version-history":[{"count":19,"href":"https:\/\/zenmassage.dk\/da\/wp-json\/wp\/v2\/pages\/1423\/revisions"}],"predecessor-version":[{"id":1458,"href":"https:\/\/zenmassage.dk\/da\/wp-json\/wp\/v2\/pages\/1423\/revisions\/1458"}],"wp:featuredmedia":[{"embeddable":true,"href":"https:\/\/zenmassage.dk\/da\/wp-json\/wp\/v2\/media\/1426"}],"wp:attachment":[{"href":"https:\/\/zenmassage.dk\/da\/wp-json\/wp\/v2\/media?parent=1423"}],"curies":[{"name":"wp","href":"https:\/\/api.w.org\/{rel}","templated":true}]}}