{"id":1652,"date":"2024-10-14T15:18:12","date_gmt":"2024-10-14T13:18:12","guid":{"rendered":"https:\/\/zenmassage.dk\/?page_id=1652"},"modified":"2026-03-03T15:01:26","modified_gmt":"2026-03-03T14:01:26","slug":"massage-course-basic-thai-massage-course","status":"publish","type":"page","link":"https:\/\/zenmassage.dk\/da\/massage-course-basic-thai-massage-course","title":{"rendered":"Massagekursus \u2013 Grundl\u00e6ggende Thai Massagekursus"},"content":{"rendered":"<h3 class=\"wp-block-heading\"><strong>Grundl\u00e6ggende Thai massage kursus<\/strong><\/h3>\n\n\n\n<h5 class=\"wp-block-heading\">30 timer for 8000 kr.<\/h5>\n\n\n\n<p><strong>Privatundervisning koster 12000 kr.<\/strong>.<\/p>\n\n\n\n<figure class=\"wp-block-video\"><video height=\"848\" style=\"aspect-ratio: 480 \/ 848;\" width=\"480\" autoplay controls loop src=\"https:\/\/zenmassage.dk\/wp-content\/uploads\/2024\/10\/VID-20241013-WA0001-1.mp4\"><\/video><\/figure>\n\n\n\n<h5 class=\"wp-block-heading\">Kursusbeskrivelse:<\/h5>\n\n\n\n<p>Vores grundl\u00e6ggende thaimassagekursus er designet til dem, der \u00f8nsker at l\u00e6re den \u00e6ldgamle kunst at helbrede ber\u00f8ring. Thai massage kombinerer elementer af yoga, akupunktur og blid manuel terapi, der hj\u00e6lper med at forbedre b\u00e5de fysisk og f\u00f8lelsesm\u00e6ssigt velv\u00e6re. Dette kursus vil l\u00e6re dig de grundl\u00e6ggende teknikker, der kan bruges til afslapning, afstressning og generelt velv\u00e6re.<\/p>\n\n\n\n<h5 class=\"wp-block-heading\">Hvem er dette kursus for:<\/h5>\n\n\n\n<p>\u2022 For begyndere uden forudg\u00e5ende massageerfaring.<\/p>\n\n\n\n<p>\u2022 For de interesserede i \u00f8stlig medicin og alternative helbredelsesmetoder.<\/p>\n\n\n\n<p>\u2022 For mennesker, der s\u00f8ger at harmonisere deres krop og sind.<\/p>\n\n\n\n<p>\u2022 For behandlere, der \u00f8nsker at udvide deres f\u00e6rdigheder inden for massage.<\/p>\n\n\n\n<h5 class=\"wp-block-heading\">Hvad vil du l\u00e6re:<\/h5>\n\n\n\n<p>\u2022 De grundl\u00e6ggende principper for thaimassage: presning, str\u00e6kning, vridning.<\/p>\n\n\n\n<p>\u2022 Brug din kropsv\u00e6gt og korrekt kropsholdning for maksimal effekt.<\/p>\n\n\n\n<p>\u2022 De vigtigste energilinjer (Sen-linjer) i kroppen og hvordan man arbejder med dem.<\/p>\n\n\n\n<p>\u2022 Metoder til dyb afsp\u00e6nding gennem massage.<\/p>\n\n\n\n<p>\u2022 Etik og sikkerhedsteknikker i massagepraksis.<\/p>\n\n\n\n<p>* Bonus: Gamle thailandske \u00e5ndedr\u00e6ts\u00f8velser \u2013 gratis!<\/p>\n\n\n\n<h5 class=\"wp-block-heading\">Kursusprogram:<\/h5>\n\n\n\n<p>&nbsp;1. Introduktion til thaimassage (1. lektion)<\/p>\n\n\n\n<p>\u2022 Thai massages historie og filosofi.<\/p>\n\n\n\n<p>\u2022 Teori om Sen-linjer (energikanaler).<\/p>\n\n\n\n<p>\u2022 Grundl\u00e6ggende regler og kontraindikationer.<\/p>\n\n\n\n<p>&nbsp;2. Grundl\u00e6ggende om at arbejde med kroppen (2. lektion)<\/p>\n\n\n\n<p>\u2022 Korrekte arbejdsstillinger for b\u00e5de massageterapeut og klient.<\/p>\n\n\n\n<p>\u2022 Kropsforberedelse f\u00f8r massagen: opvarmnings- og \u00e5ndedr\u00e6ts\u00f8velser.<\/p>\n\n\n\n<p>\u2022 Arbejde med st\u00f8rre muskelgrupper.<\/p>\n\n\n\n<p>&nbsp;3. Teknikker til at trykke og str\u00e6kke (3. lektion)<\/p>\n\n\n\n<p>\u2022 Trin-for-trin beherskelse af presseteknikker.<\/p>\n\n\n\n<p>\u2022 Brug af fingre, h\u00e5ndflader, albuer og f\u00f8dder.<\/p>\n\n\n\n<p>\u2022 Str\u00e6kmetoder for at forbedre fleksibiliteten og lindre muskelsp\u00e6ndinger.<\/p>\n\n\n\n<p>&nbsp;4. Arbejde med underkroppen (4. lektion)<\/p>\n\n\n\n<p>\u2022 Massage af f\u00f8dder, l\u00e6gge og l\u00e5r.<\/p>\n\n\n\n<p>\u2022 Teknikker til at forbedre cirkulationen og lindre tr\u00e6tte ben.<\/p>\n\n\n\n<p>&nbsp;5. Arbejde med overkroppen (5. lektion)<\/p>\n\n\n\n<p>\u2022 Massage af ryg, skuldre, nakke og arme.<\/p>\n\n\n\n<p>\u2022 Eliminering af muskelsp\u00e6ndinger og forbedring af ledmobilitet.<\/p>\n\n\n\n<p>&nbsp;6. Gennemf\u00f8r grundl\u00e6ggende thaimassagesekvens (6. lektion)<\/p>\n\n\n\n<p>\u2022 \u00d8velse af helkropsmassage fra f\u00f8dder til hoved.<\/p>\n\n\n\n<p>\u2022 Teknikker til dyb afslapning og energigenopretning.<\/p>\n\n\n\n<h5 class=\"wp-block-heading\">Kursusformat:<\/h5>\n\n\n\n<p>\u2022 Offlinelektioner med en h\u00e5ndbog.<\/p>\n\n\n\n<p>\u2022 Praktiske opgaver efter hver lektion for at finpudse din teknik.<\/p>\n\n\n\n<h5 class=\"wp-block-heading\">Kursus varighed:<\/h5>\n\n\n\n<p>3 dage<\/p>\n\n\n\n<h5 class=\"wp-block-heading\">N\u00f8dvendige materialer:<\/h5>\n\n\n\n<p>\u2022 Komfortabelt t\u00f8j til sessionerne.<\/p>\n\n\n\n<h5 class=\"wp-block-heading\">Certifikat:<\/h5>\n\n\n\n<p>Efter vellykket gennemf\u00f8relse af kurset modtager du et certifikat for det grundl\u00e6ggende thaimassagekursus fra thaimassageskolen.<\/p>\n\n\n\n<h5 class=\"wp-block-heading\">Hvorfor v\u00e6lge vores kursus:<\/h5>\n\n\n\n<p>\u2022 Professionelle instrukt\u00f8rer med stor erfaring i thaimassage.<\/p>\n\n\n\n<p>\u2022 Support p\u00e5 alle stadier af tr\u00e6ning og personlige anbefalinger.<\/p>\n\n\n\n<h5 class=\"wp-block-heading\">Kursusgebyr:<\/h5>\n\n\n\n<p>8000 kr.<\/p>\n\n\n\n<p>Privatundervisning koster 12.000 kr.<\/p>\n\n\n\n<h5 class=\"wp-block-heading\">S\u00e5dan tilmelder du dig:<\/h5>\n\n\n\n<p>Send en mail til&nbsp;<a href=\"mailto:contact@zenmassage.dk\" target=\"_blank\" rel=\"noreferrer noopener\">contact@zenmassage.dk<\/a>, og vi kontakter dig for at bekr\u00e6fte din tilmelding. Begr\u00e6nsede pladser ledige!<\/p>\n\n\n\n<div class=\"wp-block-media-text is-stacked-on-mobile\"><figure class=\"wp-block-media-text__media\"><img data-recalc-dims=\"1\" loading=\"lazy\" decoding=\"async\" width=\"683\" height=\"1024\" src=\"https:\/\/i0.wp.com\/zenmassage.dk\/wp-content\/uploads\/2024\/03\/IMG-20240701-WA0001.jpg?resize=683%2C1024&#038;ssl=1\" alt=\"\" class=\"wp-image-1599 size-full\" srcset=\"https:\/\/i0.wp.com\/zenmassage.dk\/wp-content\/uploads\/2024\/03\/IMG-20240701-WA0001.jpg?resize=683%2C1024&amp;ssl=1 683w, https:\/\/i0.wp.com\/zenmassage.dk\/wp-content\/uploads\/2024\/03\/IMG-20240701-WA0001.jpg?resize=200%2C300&amp;ssl=1 200w, https:\/\/i0.wp.com\/zenmassage.dk\/wp-content\/uploads\/2024\/03\/IMG-20240701-WA0001.jpg?resize=768%2C1151&amp;ssl=1 768w, https:\/\/i0.wp.com\/zenmassage.dk\/wp-content\/uploads\/2024\/03\/IMG-20240701-WA0001.jpg?resize=1025%2C1536&amp;ssl=1 1025w, https:\/\/i0.wp.com\/zenmassage.dk\/wp-content\/uploads\/2024\/03\/IMG-20240701-WA0001.jpg?resize=8%2C12&amp;ssl=1 8w, https:\/\/i0.wp.com\/zenmassage.dk\/wp-content\/uploads\/2024\/03\/IMG-20240701-WA0001.jpg?resize=40%2C60&amp;ssl=1 40w, https:\/\/i0.wp.com\/zenmassage.dk\/wp-content\/uploads\/2024\/03\/IMG-20240701-WA0001.jpg?resize=600%2C900&amp;ssl=1 600w, https:\/\/i0.wp.com\/zenmassage.dk\/wp-content\/uploads\/2024\/03\/IMG-20240701-WA0001.jpg?w=1366&amp;ssl=1 1366w\" sizes=\"auto, (max-width: 683px) 100vw, 683px\" \/><\/figure><div class=\"wp-block-media-text__content\">\n<h5 class=\"wp-block-heading\">Instrukt\u00f8r:<\/h5>\n\n\n\n<p>Yevheniia Kuzmenko, massageterapeut, thaimassage og \u00e5ndedr\u00e6tsteknik-instrukt\u00f8r, flerfoldig prisvinder ved internationale massagemesterskaber, medlem af Dansk Alternativ Medicinsk Forening og medejer af Zenmassage.dk.<\/p>\n<\/div><\/div>\n\n\n\n<p><\/p>\n\n\n\n<p><\/p>","protected":false},"excerpt":{"rendered":"<p>Basic Thai Massage Course 30 hours for 8000 kr. Private class cost 12000 kr. Course Description: Our basic Thai massage course is designed for those who want to learn the ancient art of healing touch. Thai massage combines elements of yoga, acupuncture, and gentle manual therapy, helping to improve both physical and emotional well-being. This course will teach you the fundamental techniques that can be used for relaxation, stress relief, and overall well-being. Who is &hellip; <\/p>","protected":false},"author":10,"featured_media":1666,"parent":0,"menu_order":0,"comment_status":"closed","ping_status":"closed","template":"","meta":{"_eb_attr":"","inline_featured_image":false,"footnotes":""},"class_list":["post-1652","page","type-page","status-publish","has-post-thumbnail","hentry","latest_post"],"jetpack_sharing_enabled":true,"_links":{"self":[{"href":"https:\/\/zenmassage.dk\/da\/wp-json\/wp\/v2\/pages\/1652","targetHints":{"allow":["GET"]}}],"collection":[{"href":"https:\/\/zenmassage.dk\/da\/wp-json\/wp\/v2\/pages"}],"about":[{"href":"https:\/\/zenmassage.dk\/da\/wp-json\/wp\/v2\/types\/page"}],"author":[{"embeddable":true,"href":"https:\/\/zenmassage.dk\/da\/wp-json\/wp\/v2\/users\/10"}],"replies":[{"embeddable":true,"href":"https:\/\/zenmassage.dk\/da\/wp-json\/wp\/v2\/comments?post=1652"}],"version-history":[{"count":14,"href":"https:\/\/zenmassage.dk\/da\/wp-json\/wp\/v2\/pages\/1652\/revisions"}],"predecessor-version":[{"id":1920,"href":"https:\/\/zenmassage.dk\/da\/wp-json\/wp\/v2\/pages\/1652\/revisions\/1920"}],"wp:featuredmedia":[{"embeddable":true,"href":"https:\/\/zenmassage.dk\/da\/wp-json\/wp\/v2\/media\/1666"}],"wp:attachment":[{"href":"https:\/\/zenmassage.dk\/da\/wp-json\/wp\/v2\/media?parent=1652"}],"curies":[{"name":"wp","href":"https:\/\/api.w.org\/{rel}","templated":true}]}}