{"id":1828,"date":"2025-09-08T17:34:01","date_gmt":"2025-09-08T15:34:01","guid":{"rendered":"https:\/\/zenmassage.dk\/?page_id=1828"},"modified":"2026-03-03T15:03:13","modified_gmt":"2026-03-03T14:03:13","slug":"lymphatic-drainage-massage-training","status":"publish","type":"page","link":"https:\/\/zenmassage.dk\/da\/lymphatic-drainage-massage-training","title":{"rendered":"Tr\u00e6ning i lymfedr\u00e6nagemassage"},"content":{"rendered":"<h2 class=\"wp-block-heading\">Tr\u00e6ning i lymfedr\u00e6nagemassage<\/h2>\n\n\n\n<h4 class=\"wp-block-heading\">8 timer (1 intensiv dag) 8000 kr.<\/h4>\n\n\n\n<h4 class=\"wp-block-heading\">Privatundervisning koster 12.000 kr.<\/h4>\n\n\n\n<div class=\"wp-block-media-text is-stacked-on-mobile\"><figure class=\"wp-block-media-text__media\"><img data-recalc-dims=\"1\" loading=\"lazy\" decoding=\"async\" width=\"714\" height=\"1024\" src=\"https:\/\/i0.wp.com\/zenmassage.dk\/wp-content\/uploads\/2025\/09\/Photo-from-Gyb.jpg?resize=714%2C1024&#038;ssl=1\" alt=\"\" class=\"wp-image-1833 size-full\" srcset=\"https:\/\/i0.wp.com\/zenmassage.dk\/wp-content\/uploads\/2025\/09\/Photo-from-Gyb.jpg?resize=714%2C1024&amp;ssl=1 714w, https:\/\/i0.wp.com\/zenmassage.dk\/wp-content\/uploads\/2025\/09\/Photo-from-Gyb.jpg?resize=209%2C300&amp;ssl=1 209w, https:\/\/i0.wp.com\/zenmassage.dk\/wp-content\/uploads\/2025\/09\/Photo-from-Gyb.jpg?resize=768%2C1102&amp;ssl=1 768w, https:\/\/i0.wp.com\/zenmassage.dk\/wp-content\/uploads\/2025\/09\/Photo-from-Gyb.jpg?resize=8%2C12&amp;ssl=1 8w, https:\/\/i0.wp.com\/zenmassage.dk\/wp-content\/uploads\/2025\/09\/Photo-from-Gyb.jpg?resize=42%2C60&amp;ssl=1 42w, https:\/\/i0.wp.com\/zenmassage.dk\/wp-content\/uploads\/2025\/09\/Photo-from-Gyb.jpg?resize=600%2C861&amp;ssl=1 600w, https:\/\/i0.wp.com\/zenmassage.dk\/wp-content\/uploads\/2025\/09\/Photo-from-Gyb.jpg?w=892&amp;ssl=1 892w\" sizes=\"auto, (max-width: 714px) 100vw, 714px\" \/><\/figure><div class=\"wp-block-media-text__content\">\n<h5 class=\"wp-block-heading\">\ud83d\udcd8 Kursusbeskrivelse<\/h5>\n\n\n\n<p class=\"has-text-align-left\">Vores intensive kursus i lymfedr\u00e6nagemassage er designet til dem, der \u00f8nsker at l\u00e6re denne terapeutiske metode med blid kropsbehandling. Lymfedr\u00e6nagemassage hj\u00e6lper med at reducere h\u00e6velse, forbedre lymfe- og blodcirkulationen, underst\u00f8tte afgiftningsprocesser og styrke immunforsvaret.<br>Tr\u00e6ningen er struktureret s\u00e5ledes, at 10% af tiden er teori og 90% er praksis, hvilket sikrer, at deltagerne f\u00e5r praktisk erfaring og selvtillid i at anvende teknikkerne.<\/p>\n\n\n\n<h5 class=\"wp-block-heading\">\ud83d\udc65 Hvem dette kursus er for:<\/h5>\n\n\n\n<ul class=\"wp-block-list\">\n<li>Begyndere uden tidligere massageerfaring.<\/li>\n\n\n\n<li>RAB-behandlere og massageterapeuter, der \u00f8nsker at udvide deres f\u00e6rdigheder.<\/li>\n\n\n\n<li>Fagfolk med interesse i metoder, der underst\u00f8tter sundhed og restitution.<\/li>\n<\/ul>\n\n\n\n<h5 class=\"wp-block-heading\">\ud83d\udcda Hvad du vil l\u00e6re:<\/h5>\n\n\n\n<ul class=\"wp-block-list\">\n<li>Grundl\u00e6ggende anatomi og fysiologi af lymfesystemet.<\/li>\n\n\n\n<li>Principper for lymfedr\u00e6nagemassage i terapeutisk praksis.<\/li>\n\n\n\n<li>Kernekropsteknikker: blide, rytmiske og systematiske bev\u00e6gelser.<\/li>\n\n\n\n<li>Hvordan man reducerer h\u00e6velse, forbedrer blodcirkulationen og stimulerer helingsprocessen.<\/li>\n\n\n\n<li>Indikationer og kontraindikationer.<\/li>\n\n\n\n<li>Sikkerhedsteknikker og etiske retningslinjer for arbejde med klienter.<\/li>\n<\/ul>\n<\/div><\/div>\n\n\n\n<h5 class=\"wp-block-heading\">\u26a0\ufe0f Bem\u00e6rk: Dette kursus inkluderer ikke ansigtsmassage.<\/h5>\n\n\n\n<h5 class=\"wp-block-heading\">\ud83d\uddc2 Kursus program:<\/h5>\n\n\n\n<h5 class=\"wp-block-heading\">1. Teori (10%)<\/h5>\n\n\n\n<ul class=\"wp-block-list\">\n<li>Lymfesystemets struktur og funktioner.<\/li>\n\n\n\n<li>Betydningen af lymfedr\u00e6nage i terapeutisk praksis.<\/li>\n\n\n\n<li>Indikationer og kontraindikationer.<\/li>\n<\/ul>\n\n\n\n<ul class=\"wp-block-list\">\n<li><\/li>\n<\/ul>\n\n\n\n<h5 class=\"wp-block-heading\">2. \u00d8velse (90%)<\/h5>\n\n\n\n<ul class=\"wp-block-list\">\n<li>Grundl\u00e6ggende lymfedr\u00e6nageteknikker (pumping, tryk, b\u00f8lgelignende bev\u00e6gelser).<\/li>\n\n\n\n<li>Arbejder med arme og ben.<\/li>\n\n\n\n<li>Teknikker til maveregionen.<\/li>\n\n\n\n<li>Teknikker til ryggen.<\/li>\n\n\n\n<li>Lymfedr\u00e6nage af hele kroppen.<\/li>\n<\/ul>\n\n\n\n<h5 class=\"wp-block-heading\">\ud83c\udf93 Kursusformat:<\/h5>\n\n\n\n<ul class=\"wp-block-list\">\n<li>Undervisning p\u00e5 stedet i sm\u00e5 grupper.<\/li>\n\n\n\n<li>Praktisk arbejde i par under vejledning af instrukt\u00f8r.<\/li>\n\n\n\n<li>Individuel feedback og anbefalinger.<\/li>\n<\/ul>\n\n\n\n<h5 class=\"wp-block-heading\">\u23f3 Varighed:<\/h5>\n\n\n\n<p>8 timer (1 intensiv dag)<\/p>\n\n\n\n<h5 class=\"wp-block-heading\">\ud83e\uddfe N\u00f8dvendige materialer:<\/h5>\n\n\n\n<ul class=\"wp-block-list\">\n<li>Behageligt t\u00f8j til tr\u00e6ning.<\/li>\n\n\n\n<li>Notesbog og pen til noter.<\/li>\n<\/ul>\n\n\n\n<h5 class=\"wp-block-heading\">\ud83d\udcdc Certifikat:<\/h5>\n\n\n\n<p>Efter vellykket gennemf\u00f8relse af kurset modtager du et certifikat i lymfedr\u00e6nagemassage fra Zen Massage.<\/p>\n\n\n\n<h5 class=\"wp-block-heading\">\ud83c\udf1f Hvorfor v\u00e6lge dette kursus:<\/h5>\n\n\n\n<p>\u2022 Praksisorienteret tr\u00e6ning (90% \u00f8velsestid).<\/p>\n\n\n\n<p>\u2022 Erfaren instrukt\u00f8r med en terapeutisk tilgang.<\/p>\n\n\n\n<p>\u2022 Sm\u00e5 grupper for personlig opm\u00e6rksomhed.<\/p>\n\n\n\n<p>\u2022 En v\u00e6rdifuld metode til sundhedsst\u00f8tte og bedring.<\/p>\n\n\n\n<h5 class=\"wp-block-heading\">\ud83d\udcb0 Kursusgebyr:<\/h5>\n\n\n\n<p>8000 kr.<\/p>\n\n\n\n<p>Privatundervisning koster 12.000 kr.<\/p>\n\n\n\n<h5 class=\"wp-block-heading\">\ud83d\udce8 S\u00e5dan tilmelder du dig:<\/h5>\n\n\n\n<p>Send en e-mail til contact@zenmassage.dk, s\u00e5 kontakter vi dig for at bekr\u00e6fte din tilmelding.<br><strong>Begr\u00e6nsede pladser tilg\u00e6ngelige!<\/strong><\/p>\n\n\n\n<p><\/p>","protected":false},"excerpt":{"rendered":"<p>Lymphatic drainage massage training 8 hours (1 intensive day) 8000 kr. Private class cost 12000 kr. \u26a0\ufe0f Note: This course does not include facial massage. \ud83d\uddc2 Course Program: 1. Theory (10%) 2. Practice (90%) \ud83c\udf93 Course Format: \u23f3 Duration: 8 hours (1 intensive day) \ud83e\uddfe Materials needed: \ud83d\udcdc Certificate: After successful completion of the course, you will receive a Certificate in Lymphatic Drainage Massage from Zen Massage. \ud83c\udf1f Why choose this course: \u2022 Practice-oriented training &hellip; <\/p>","protected":false},"author":10,"featured_media":1829,"parent":0,"menu_order":0,"comment_status":"closed","ping_status":"closed","template":"","meta":{"_eb_attr":"","inline_featured_image":false,"footnotes":""},"class_list":["post-1828","page","type-page","status-publish","has-post-thumbnail","hentry","latest_post"],"jetpack_sharing_enabled":true,"_links":{"self":[{"href":"https:\/\/zenmassage.dk\/da\/wp-json\/wp\/v2\/pages\/1828","targetHints":{"allow":["GET"]}}],"collection":[{"href":"https:\/\/zenmassage.dk\/da\/wp-json\/wp\/v2\/pages"}],"about":[{"href":"https:\/\/zenmassage.dk\/da\/wp-json\/wp\/v2\/types\/page"}],"author":[{"embeddable":true,"href":"https:\/\/zenmassage.dk\/da\/wp-json\/wp\/v2\/users\/10"}],"replies":[{"embeddable":true,"href":"https:\/\/zenmassage.dk\/da\/wp-json\/wp\/v2\/comments?post=1828"}],"version-history":[{"count":9,"href":"https:\/\/zenmassage.dk\/da\/wp-json\/wp\/v2\/pages\/1828\/revisions"}],"predecessor-version":[{"id":1922,"href":"https:\/\/zenmassage.dk\/da\/wp-json\/wp\/v2\/pages\/1828\/revisions\/1922"}],"wp:featuredmedia":[{"embeddable":true,"href":"https:\/\/zenmassage.dk\/da\/wp-json\/wp\/v2\/media\/1829"}],"wp:attachment":[{"href":"https:\/\/zenmassage.dk\/da\/wp-json\/wp\/v2\/media?parent=1828"}],"curies":[{"name":"wp","href":"https:\/\/api.w.org\/{rel}","templated":true}]}}