{"id":1356,"date":"2023-12-13T14:06:52","date_gmt":"2023-12-13T13:06:52","guid":{"rendered":"http:\/\/142.132.203.237\/~zenmassa\/tmp\/?post_type=product&#038;p=1356"},"modified":"2025-12-01T13:25:18","modified_gmt":"2025-12-01T12:25:18","slug":"ritual-zen-deep-relax","status":"publish","type":"product","link":"https:\/\/zenmassage.dk\/da\/vare\/ritual-zen-deep-relax","title":{"rendered":"Ritual Zen \u2013 Deep Relax"},"content":{"rendered":"<p><strong>&quot;Ritual Zen - Deep Relax&quot;<\/strong><br \/>\n<strong>Varm sten<\/strong> \u2013 Rejsen begynder med en dejlig varm sten placeret p\u00e5 ryggen, hvor stenenes blide varme smelter sp\u00e6ndinger v\u00e6k og fremmer en dyb f\u00f8lelse af ro. M\u00e6rk dagens stress forsvinde.<\/p>\n<p><strong>Thai fodmassage<\/strong> \u2013 Fork\u00e6l derefter dine tr\u00e6tte f\u00f8dder med den \u00e6ldgamle helbredende kunst med thailandsk fodmassage. Denne terapeutiske teknik retter sig mod specifikke reflekspunkter i dine f\u00f8dder og stimulerer vitale energibaner i hele din krop. Du vil opleve en b\u00f8lge af afslapning og fornyelse, n\u00e5r dygtige h\u00e6nder ud\u00f8ver deres magi p\u00e5 dine f\u00f8dder og underben.<\/p>\n<p><strong>Rygmassage<\/strong> - Derefter glider du v\u00e6k, n\u00e5r vi vender tilbage til din ryg, og giver dig en fuld rygmassage, der vil lette eventuelle resterende sp\u00e6ndinger og genoprette harmonien i din krop og dit sind. Vores terapeuts dygtige h\u00e6nder vil skr\u00e6ddersy massagen til dine specifikke behov, hvilket sikrer, at du g\u00e5r herfra og f\u00f8ler dig forynget og forfrisket.<\/p>\n<p><strong>Ansigtszoneterapi<\/strong> \u2013 Overgiv dig endelig til zoneterapiens beroligende k\u00e6rtegn til ansigtet. Denne blide ansigtsmassage fokuserer p\u00e5 trykpunkter, der svarer til forskellige omr\u00e5der af dit ansigt, fremmer cirkulationen og genopretter balancen til din teint. M\u00e6rk verdens bekymringer forsvinde, mens du glider ind i en tilstand af sindsro.<\/p>\n<p>G\u00e5 ikke glip af denne utrolige mulighed for at opleve &quot;Ritual Zen - Deep Relax&quot; til en enest\u00e5ende specialbehandling. Fork\u00e6l dig selv eller en du holder af med denne vidunderlige rejse. Book din session nu og fordyb dig i indbegrebet af afslapning og egenomsorg.<\/p>","protected":false},"excerpt":{"rendered":"<p>Oplev den ultimative rejse med afslapning med vores &quot;Ritual Zen - Deep Relax&quot; behandling. Fork\u00e6l dig selv med en lyksalig 75 minutters flugt, der kombinerer de mest luksuri\u00f8se og beroligende elementer fra forskellige massageteknikker.<br \/>\nRitual Zen \u2013 Deep Relax pris<\/p>\n<p>75 min. \u2014\u2014\u2014- 940 kr.<\/p>\n<p><strong>Betaling og aflysninger<\/strong><br \/>\n\u2013 Vi accepterer kontanter, kort og mobilbetaling.<br \/>\n\u2013 Vi kr\u00e6ver minimum 24 timers varsel for at aflyse eller flytte en aftale.<br \/>\n\u2013 Aftaler, der aflyses inden for 24 timer efter din aftale, vil p\u00e5l\u00e6gges et 50% (af din bestilte service) afbestillingsgebyr.<br \/>\n\u2013 Eventuelle udeblivelser eller aflysninger med mindre end 4 timer skal v\u00e6re underlagt et 100 % afbestillingsgebyr for den reservation.<br \/>\n\u2013 Eventuelle aflysninger eller \u00e6ndringer af din reservation skal kommunikeres via telefon, e-mail eller via online booking.<br \/>\n\u2013 I tilf\u00e6lde af uundg\u00e5elige omst\u00e6ndigheder eller n\u00f8dsituationer kan undtagelser overvejes efter Zen Massages sk\u00f8n.<\/p>","protected":false},"featured_media":1355,"template":"","meta":{"_eb_attr":"","inline_featured_image":false},"product_brand":[],"product_cat":[21],"product_tag":[],"class_list":{"0":"post-1356","1":"product","2":"type-product","3":"status-publish","4":"has-post-thumbnail","6":"product_cat-body-massage","7":"latest_post","9":"first","10":"instock","11":"shipping-taxable","12":"product-type-external"},"jetpack_sharing_enabled":true,"_links":{"self":[{"href":"https:\/\/zenmassage.dk\/da\/wp-json\/wp\/v2\/product\/1356","targetHints":{"allow":["GET"]}}],"collection":[{"href":"https:\/\/zenmassage.dk\/da\/wp-json\/wp\/v2\/product"}],"about":[{"href":"https:\/\/zenmassage.dk\/da\/wp-json\/wp\/v2\/types\/product"}],"wp:featuredmedia":[{"embeddable":true,"href":"https:\/\/zenmassage.dk\/da\/wp-json\/wp\/v2\/media\/1355"}],"wp:attachment":[{"href":"https:\/\/zenmassage.dk\/da\/wp-json\/wp\/v2\/media?parent=1356"}],"wp:term":[{"taxonomy":"product_brand","embeddable":true,"href":"https:\/\/zenmassage.dk\/da\/wp-json\/wp\/v2\/product_brand?post=1356"},{"taxonomy":"product_cat","embeddable":true,"href":"https:\/\/zenmassage.dk\/da\/wp-json\/wp\/v2\/product_cat?post=1356"},{"taxonomy":"product_tag","embeddable":true,"href":"https:\/\/zenmassage.dk\/da\/wp-json\/wp\/v2\/product_tag?post=1356"}],"curies":[{"name":"wp","href":"https:\/\/api.w.org\/{rel}","templated":true}]}}