{"id":1478,"date":"2024-03-13T18:34:28","date_gmt":"2024-03-13T17:34:28","guid":{"rendered":"http:\/\/142.132.203.237\/~zenmassa\/tmp\/?post_type=product&#038;p=1478"},"modified":"2026-01-08T11:49:21","modified_gmt":"2026-01-08T10:49:21","slug":"swaddling-ritual","status":"publish","type":"product","link":"https:\/\/zenmassage.dk\/da\/vare\/swaddling-ritual","title":{"rendered":"Sv\u00f8beritual"},"content":{"rendered":"<p><strong>Sv\u00f8bning<\/strong><\/p>\n<p>Mit navn er Evgenia. Jeg er fra Ukraine, men jeg bor i Danmark. Min massage er et helligt ritual kaldet <strong>\u201cBytte\u201d<\/strong> eller <strong>&quot;Lukning af de syv sluser.&quot;<\/strong> Det er et gammelt slavisk ritual. Hver procedure er meget individuel, afh\u00e6ngig af hvor jeg udf\u00f8rer den, kvindens personlighed og hendes specifikke behov. De generelle principper er dog som f\u00f8lger:<\/p>\n<p><strong>1) Dyb opvarmning af kroppen indefra<\/strong> (ved at bruge urtete og infusioner), ledsaget af en samtale om f\u00f8dslen eller kvinden, der s\u00e6tter sin hensigt med ritualet. Under te-ceremonien fort\u00e6ller kvinden om de sv\u00e6re \u00f8jeblikke af graviditeten og f\u00f8dslen og kan gr\u00e6de dem op, hvis hun \u00f8nsker det.<\/p>\n<p><strong>2) Karrosseri \u2013 opvarmning af kroppen udefra<\/strong> (med badeprocedurer eller hot stone massage). Under hot stone massagen olier vi kroppen, arbejder p\u00e5 muskler og fascia og adresserer de energiske meridianer.<\/p>\n<p><strong>2) Arbejde med hofteledsomr\u00e5det p\u00e5 den opvarmede krop.<\/strong> Under f\u00f8dslen laver b\u00e6kkenknoglerne mange bev\u00e6gelser - modnutation, rotation, nutation. Dette sker for at g\u00f8re det lettere for babyens hoved at passere igennem. Derfor er b\u00e6kkenknoglerne ogs\u00e5 malplacerede efter f\u00f8dslen. Mange kvinder lider af disse problemer i lang tid - smerter i sacroiliacaleddene, pubic symfyseadskillelse. Disse problemer l\u00f8ses gennem b\u00e6kkenbinding\/stramning.<\/p>\n<p><strong>3) Mavemassage<\/strong> (ved at bruge urteposer og gamle viscerale teknikker). I mit massagerum v\u00e6lger klienten og jeg urterne sammen (hvoraf nogle samler jeg selv) og laver en urtepose til kompressen.<\/p>\n<p><strong>4) Indpakning<\/strong> i et ark giver en f\u00f8lelse af omsorg og sikkerhed. Det er ogs\u00e5 en mulighed for at hvile: kvinden tr\u00e6der ind i et rum, hvor hun kan genoprette forbindelsen til sig selv og &quot;vende tilbage&quot; til sin krop.<\/p>\n<p><strong>5) Indpakning af de syv omr\u00e5der af moderens krop<\/strong> (pande, skuldre, under brystet, b\u00e6kkenben, midt p\u00e5 l\u00e5rene, l\u00e6gge og f\u00f8dder). Hvert omr\u00e5de er pakket ind med et langt t\u00f8rkl\u00e6de, der binder kroppen t\u00e6t p\u00e5 begge sider og holder den i denne position i et stykke tid. De syv l\u00e5se svarer til de syv vigtigste ledcentre i kroppen. Myofascial frigivelse opn\u00e5s gennem sp\u00e6ndingen af stoffet. Under bindingen af disse syv zoner lukker vi de syv hovedenergicentre for at forhindre energil\u00e6kage.<\/p>\n<p>Swaddling-proceduren har til form\u00e5l at frig\u00f8re sp\u00e6ndinger ophobet i en kvindes krop under graviditet og f\u00f8dsel, at behandle frygten og smerten ved f\u00f8dslen og at g\u00e5 fra en gravid tilstand til moderskab. Den slaviske teknik med at lukke f\u00f8dslen har ingen udl\u00f8bsdato. Det anbefales til alle kvinder, der stadig har frygt eller uafklarede f\u00f8lelser i forbindelse med graviditet og f\u00f8dsel, selvom de opstod for flere \u00e5rtier siden.<\/p>\n<p>Proceduren er beregnet til at l\u00f8se specifikke postpartum problemer s\u00e5som lochia retention, tidligt stadie endometritis, pubic symfyse adskillelse, lactostase, f\u00f8dsels-inducerede h\u00e6morider, forstoppelse, vandladningsbesv\u00e6r, rygsmerter og mange andre problemer.<\/p>\n<p>Jeg h\u00e5ber, du finder den gamle slaviske teknik med sv\u00f8b interessant<\/p>","protected":false},"excerpt":{"rendered":"<p>\ud83e\udd7aEr du tr\u00e6t af at leve i &quot;achiever&quot;-tilstand og ved slet ikke, hvordan du slapper af?<br \/>\n\ud83e\udd7aEr du n\u00e5et til en blindgyde og ved ikke hvordan du skal komme videre \/ \ud83e\udd7ahar du glemt hvorn\u00e5r du sidst brugte tid p\u00e5 dig selv og din krop?<br \/>\n\ud83d\udc4dVi inviterer dig til vores Zen Massage, vi er placeret et roligt, fredeligt sted, hvor st\u00f8j ikke vil forstyrre din afslapning, hvor h\u00f8jt kvalificerede massageterapeuter vil tage sig af at slappe af din krop, sind og sj\u00e6l. G\u00e5 ind p\u00e5 vores hjemmeside lige nu og book en tid til en massage til dig selv<\/p>\n<p>Er du tr\u00e6t af at leve i &quot;achiever&quot;-tilstand og k\u00e6mper for at slappe af?<br \/>\nEr du n\u00e5et til en blindgyde og ved ikke, hvordan du kommer videre?<br \/>\nKan du huske, hvorn\u00e5r du sidst brugte noget kvalitetstid p\u00e5 dig selv og din krop?<br \/>\nVi inviterer dig til at opleve vores Zen Massage i et roligt og fredeligt milj\u00f8, fri for forstyrrelser, hvor h\u00f8jt kvalificerede massageterapeuter vil afslappe din krop, dit sind og din sj\u00e6l. Bes\u00f8g vores hjemmeside nu for at bestille en massagesession til dig selv.<\/p>\n<p>Sv\u00f8be Ritual pris<br \/>\n3,5 timer. \u2014\u2014\u2014- 3100 kr.<\/p>\n<p><strong>Betaling og aflysninger<\/strong><br \/>\n\u2013 Vi accepterer kontanter, kort og mobilbetaling.<br \/>\n\u2013 Vi kr\u00e6ver minimum 24 timers varsel for at aflyse eller flytte en aftale.<br \/>\n\u2013 Aftaler, der aflyses inden for 24 timer efter din aftale, vil p\u00e5l\u00e6gges et 50% (af din bestilte service) afbestillingsgebyr.<br \/>\n\u2013 Eventuelle udeblivelser eller aflysninger med mindre end 4 timer skal v\u00e6re underlagt et 100 % afbestillingsgebyr for den reservation.<br \/>\n\u2013 Eventuelle aflysninger eller \u00e6ndringer af din reservation skal kommunikeres via telefon, e-mail eller via online booking.<br \/>\n\u2013 I tilf\u00e6lde af uundg\u00e5elige omst\u00e6ndigheder eller n\u00f8dsituationer kan undtagelser overvejes efter Zen Massages sk\u00f8n.<\/p>","protected":false},"featured_media":1477,"template":"","meta":{"_eb_attr":"","inline_featured_image":false},"product_brand":[],"product_cat":[21],"product_tag":[],"class_list":{"0":"post-1478","1":"product","2":"type-product","3":"status-publish","4":"has-post-thumbnail","6":"product_cat-body-massage","7":"latest_post","9":"first","10":"instock","11":"shipping-taxable","12":"product-type-external"},"jetpack_sharing_enabled":true,"_links":{"self":[{"href":"https:\/\/zenmassage.dk\/da\/wp-json\/wp\/v2\/product\/1478","targetHints":{"allow":["GET"]}}],"collection":[{"href":"https:\/\/zenmassage.dk\/da\/wp-json\/wp\/v2\/product"}],"about":[{"href":"https:\/\/zenmassage.dk\/da\/wp-json\/wp\/v2\/types\/product"}],"wp:featuredmedia":[{"embeddable":true,"href":"https:\/\/zenmassage.dk\/da\/wp-json\/wp\/v2\/media\/1477"}],"wp:attachment":[{"href":"https:\/\/zenmassage.dk\/da\/wp-json\/wp\/v2\/media?parent=1478"}],"wp:term":[{"taxonomy":"product_brand","embeddable":true,"href":"https:\/\/zenmassage.dk\/da\/wp-json\/wp\/v2\/product_brand?post=1478"},{"taxonomy":"product_cat","embeddable":true,"href":"https:\/\/zenmassage.dk\/da\/wp-json\/wp\/v2\/product_cat?post=1478"},{"taxonomy":"product_tag","embeddable":true,"href":"https:\/\/zenmassage.dk\/da\/wp-json\/wp\/v2\/product_tag?post=1478"}],"curies":[{"name":"wp","href":"https:\/\/api.w.org\/{rel}","templated":true}]}}