{"id":1556,"date":"2024-06-03T16:13:37","date_gmt":"2024-06-03T14:13:37","guid":{"rendered":"http:\/\/142.132.203.237\/~zenmassa\/tmp\/?post_type=product&#038;p=1556"},"modified":"2025-12-01T13:24:46","modified_gmt":"2025-12-01T12:24:46","slug":"ritual-zen-anti-stress","status":"publish","type":"product","link":"https:\/\/zenmassage.dk\/da\/vare\/ritual-zen-anti-stress","title":{"rendered":"Rituel Zen \u2013 Anti Stress"},"content":{"rendered":"<p>Vores anti-stress-behandling begynder med en fokuseret massage p\u00e5 ryggen, rettet mod n\u00f8gleomr\u00e5der som ben, ryg, skuldre og nakke. Vores ekspertterapeuter bruger en kombination af teknikker til at frig\u00f8re opbyggede sp\u00e6ndinger, fremme afslapning og revitalisering indefra.<\/p>\n<p>Mens du slapper af, l\u00f8fter vi din oplevelse ved at inkorporere varmestensterapi. At placere varme sten p\u00e5 maven beroliger ikke kun musklerne, men beroliger ogs\u00e5 sanserne, s\u00e5 du kan synke dybere ned i roen.<\/p>\n<p class=\"has-text-align-justify\">Men vi stopper ikke der. Dine arme og h\u00e6nder f\u00e5r den opm\u00e6rksomhed, de fortjener, med en specialiseret massage, der yderligere frig\u00f8r stress og fremmer cirkulationen i hele din krop.<\/p>\n<p class=\"has-text-align-justify\">Til sidst giver vi din oplevelse med en salig hovedmassage, der lindrer eventuelle resterende sp\u00e6ndinger og efterlader dig forynget fra top til t\u00e5.<\/p>\n<p class=\"has-text-align-justify\">Hos Zen Massage forst\u00e5r vi vigtigheden af at prioritere egenomsorg, og vores Anti-Stress-behandling er den perfekte m\u00e5de at hengive sig til noget tiltr\u00e6ngt afslapning. Fork\u00e6l dig selv eller en du holder af med denne holistiske oplevelse og opdag kraften i \u00e6gte sindsro. Book din session i dag, og tag p\u00e5 en rejse til en roligere, mere afbalanceret dig.<\/p>","protected":false},"excerpt":{"rendered":"<p>Oplev ren afslapning med Zen Massages Anti-Stress-behandling!<br \/>\n75 minutter af lyksalighed. Begynd med en m\u00e5lrettet massage til ben, ryg, skuldre og nakke, og slap derefter af med varme sten p\u00e5 maven. Fork\u00e6l dig selv med en arm- og h\u00e5ndmassage, inden du afslutter med en beroligende hovedmassage. Find din Zen i dag.<\/p>\n<p>Ritual Zen \u2013 Anti Stress pris<\/p>\n<p>75 min. \u2014\u2014\u2014- 940 kr.<\/p>\n<p><strong>Betaling og aflysninger<\/strong><br \/>\n\u2013 Vi accepterer kontanter, kort og mobilbetaling.<br \/>\n\u2013 Vi kr\u00e6ver minimum 24 timers varsel for at aflyse eller flytte en aftale.<br \/>\n\u2013 Aftaler, der aflyses inden for 24 timer efter din aftale, vil p\u00e5l\u00e6gges et 50% (af din bestilte service) afbestillingsgebyr.<br \/>\n\u2013 Eventuelle udeblivelser eller aflysninger med mindre end 4 timer skal v\u00e6re underlagt et 100 % afbestillingsgebyr for den reservation.<br \/>\n\u2013 Eventuelle aflysninger eller \u00e6ndringer af din reservation skal kommunikeres via telefon, e-mail eller via online booking.<br \/>\n\u2013 I tilf\u00e6lde af uundg\u00e5elige omst\u00e6ndigheder eller n\u00f8dsituationer kan undtagelser overvejes efter Zen Massages sk\u00f8n.<\/p>","protected":false},"featured_media":1498,"template":"","meta":{"_eb_attr":"","inline_featured_image":false},"product_brand":[],"product_cat":[21],"product_tag":[],"class_list":{"0":"post-1556","1":"product","2":"type-product","3":"status-publish","4":"has-post-thumbnail","6":"product_cat-body-massage","7":"latest_post","9":"first","10":"instock","11":"shipping-taxable","12":"product-type-external"},"jetpack_sharing_enabled":true,"_links":{"self":[{"href":"https:\/\/zenmassage.dk\/da\/wp-json\/wp\/v2\/product\/1556","targetHints":{"allow":["GET"]}}],"collection":[{"href":"https:\/\/zenmassage.dk\/da\/wp-json\/wp\/v2\/product"}],"about":[{"href":"https:\/\/zenmassage.dk\/da\/wp-json\/wp\/v2\/types\/product"}],"wp:featuredmedia":[{"embeddable":true,"href":"https:\/\/zenmassage.dk\/da\/wp-json\/wp\/v2\/media\/1498"}],"wp:attachment":[{"href":"https:\/\/zenmassage.dk\/da\/wp-json\/wp\/v2\/media?parent=1556"}],"wp:term":[{"taxonomy":"product_brand","embeddable":true,"href":"https:\/\/zenmassage.dk\/da\/wp-json\/wp\/v2\/product_brand?post=1556"},{"taxonomy":"product_cat","embeddable":true,"href":"https:\/\/zenmassage.dk\/da\/wp-json\/wp\/v2\/product_cat?post=1556"},{"taxonomy":"product_tag","embeddable":true,"href":"https:\/\/zenmassage.dk\/da\/wp-json\/wp\/v2\/product_tag?post=1556"}],"curies":[{"name":"wp","href":"https:\/\/api.w.org\/{rel}","templated":true}]}}