{"id":1805,"date":"2025-07-30T18:26:11","date_gmt":"2025-07-30T16:26:11","guid":{"rendered":"https:\/\/zenmassage.dk\/?post_type=product&#038;p=1805"},"modified":"2025-08-20T18:06:35","modified_gmt":"2025-08-20T16:06:35","slug":"japanese-face-lifting-kobido","status":"publish","type":"product","link":"https:\/\/zenmassage.dk\/da\/vare\/japanese-face-lifting-kobido","title":{"rendered":"Japansk ansigtsl\u00f8ftning (Kobido)"},"content":{"rendered":"<p><span style=\"font-weight: 400;\">En rejse til ungdom gennem energi og balance<\/span><\/p>\n<p><span style=\"font-weight: 400;\">Kobido er mere end blot ansigtsmassage \u2013 det er en gammel japansk kunstform til foryngelse, rodf\u00e6stet i \u00f8stlig filosofi og helbredende traditioner. Baseret p\u00e5 principperne om harmoni mellem krop, sind og energi v\u00e6kker denne praksis den naturlige sk\u00f8nhed, der kommer indefra.<\/span><\/p>\n<p><span style=\"font-weight: 400;\">I mods\u00e6tning til moderne \u00e6stetiske behandlinger virker Kobido blidt, men dybtg\u00e5ende, og aktiverer kroppens indre ressourcer. Gennem pr\u00e6cise, rytmiske teknikker og bevidst ber\u00f8ring stimulerer den str\u00f8mmen af &quot;Qi&quot; - den vitale livsenergi - og genopretter balancen i ansigt og hals. Dette forbedrer ikke kun udseendet, men fremmer ogs\u00e5 indre ro og velv\u00e6re.<\/span><\/p>\n<p><span style=\"font-weight: 400;\">Ved naturligt at \u00f8ge blodcirkulationen, lymfestr\u00f8mmen og kollagenproduktionen forbedrer Kobido hudtone og elasticitet, bl\u00f8dg\u00f8r rynker og genopretter ansigtets naturlige kontur - alt sammen uden invasive metoder.<\/span><\/p>\n<p><span style=\"font-weight: 400;\">Hvad du kan forvente af en Kobido-session:<\/span><\/p>\n<ul>\n<li><span style=\"font-weight: 400;\">Opv\u00e5gning af indre energi og en naturlig, sund gl\u00f8d<\/span><\/li>\n<li><span style=\"font-weight: 400;\">F\u00f8lelsesm\u00e6ssig harmoni gennem muskelafsp\u00e6nding og frig\u00f8relse af sp\u00e6ndinger<\/span><\/li>\n<li><span style=\"font-weight: 400;\">Blid foryngelse ved at stimulere hudens naturlige regenerative kr\u00e6fter<\/span><\/li>\n<li><span style=\"font-weight: 400;\">Afgiftning og rensning gennem forbedret blodcirkulation<\/span><\/li>\n<li><span style=\"font-weight: 400;\">Lysere og mere j\u00e6vn hudtone takket v\u00e6re forbedret blod- og lymfegennemstr\u00f8mning<\/span><\/li>\n<li><span style=\"font-weight: 400;\">Bremse aldringsprocessen ved at underst\u00f8tte kroppens egen fornyelse<\/span><\/li>\n<\/ul>\n<p><span style=\"font-weight: 400;\">Kobido er et ritual af omsorg \u2013 en tilbagevenden til balance, stilhed og autentisk sk\u00f8nhed.<\/span><\/p>\n<p><span style=\"font-weight: 400;\">Vi anbefaler et forl\u00f8b p\u00e5 6-8 sessioner \u00e9n gang om \u00e5ret, efterfulgt af 1-2 vedligeholdelsesbehandlinger om m\u00e5neden for at bevare langvarige resultater.<\/span><\/p>\n<p><span style=\"font-weight: 400;\">Med hver session vil du f\u00f8le din hud \u2013 og din sj\u00e6l \u2013 fornyet.<\/span><\/p>","protected":false},"excerpt":{"rendered":"<p>Oplev kunsten at udf\u00f8re japansk ansigtsl\u00f8ftning (Kobido). Det er en gammel japansk kunstform for foryngelse med r\u00f8dder i \u00f8stlig filosofi og helbredende traditioner. En naturlig, ikke-invasiv massage, der former, opstrammer og genopliver din hud for en str\u00e5lende, ungdommelig gl\u00f8d.<br \/>\n<strong>Pris for japansk ansigtsl\u00f8ftning (Kobido)<\/strong><br \/>\n60 min. \u2014\u2014\u2014- 850 kr.<\/p>\n<p><strong>Betaling og aflysninger<\/strong><br \/>\n\u2013 Vi accepterer kontanter, kort og mobilbetaling.<br \/>\n\u2013 Vi kr\u00e6ver minimum 24 timers varsel for at aflyse eller flytte en aftale.<br \/>\n\u2013 Aftaler, der aflyses inden for 24 timer efter din aftale, vil p\u00e5l\u00e6gges et 50% (af din bestilte service) afbestillingsgebyr.<br \/>\n\u2013 Eventuelle udeblivelser eller aflysninger med mindre end 4 timer skal v\u00e6re underlagt et 100 % afbestillingsgebyr for den reservation.<br \/>\n\u2013 Eventuelle aflysninger eller \u00e6ndringer af din reservation skal kommunikeres via telefon, e-mail eller via online booking.<br \/>\n\u2013 I tilf\u00e6lde af uundg\u00e5elige omst\u00e6ndigheder eller n\u00f8dsituationer kan undtagelser overvejes efter Zen Massages sk\u00f8n.<\/p>","protected":false},"featured_media":1804,"template":"","meta":{"_eb_attr":"","inline_featured_image":false},"product_brand":[],"product_cat":[22],"product_tag":[],"class_list":{"0":"post-1805","1":"product","2":"type-product","3":"status-publish","4":"has-post-thumbnail","6":"product_cat-face-massage","7":"latest_post","9":"first","10":"instock","11":"shipping-taxable","12":"product-type-external"},"jetpack_sharing_enabled":true,"_links":{"self":[{"href":"https:\/\/zenmassage.dk\/da\/wp-json\/wp\/v2\/product\/1805","targetHints":{"allow":["GET"]}}],"collection":[{"href":"https:\/\/zenmassage.dk\/da\/wp-json\/wp\/v2\/product"}],"about":[{"href":"https:\/\/zenmassage.dk\/da\/wp-json\/wp\/v2\/types\/product"}],"wp:featuredmedia":[{"embeddable":true,"href":"https:\/\/zenmassage.dk\/da\/wp-json\/wp\/v2\/media\/1804"}],"wp:attachment":[{"href":"https:\/\/zenmassage.dk\/da\/wp-json\/wp\/v2\/media?parent=1805"}],"wp:term":[{"taxonomy":"product_brand","embeddable":true,"href":"https:\/\/zenmassage.dk\/da\/wp-json\/wp\/v2\/product_brand?post=1805"},{"taxonomy":"product_cat","embeddable":true,"href":"https:\/\/zenmassage.dk\/da\/wp-json\/wp\/v2\/product_cat?post=1805"},{"taxonomy":"product_tag","embeddable":true,"href":"https:\/\/zenmassage.dk\/da\/wp-json\/wp\/v2\/product_tag?post=1805"}],"curies":[{"name":"wp","href":"https:\/\/api.w.org\/{rel}","templated":true}]}}