{"id":1824,"date":"2025-09-03T15:57:10","date_gmt":"2025-09-03T13:57:10","guid":{"rendered":"https:\/\/zenmassage.dk\/?post_type=product&#038;p=1824"},"modified":"2025-11-20T12:45:58","modified_gmt":"2025-11-20T11:45:58","slug":"ritual-zen-anti-ayurveda-spa","status":"publish","type":"product","link":"https:\/\/zenmassage.dk\/da\/vare\/ritual-zen-anti-ayurveda-spa","title":{"rendered":"Rituel Zen \u2013 Ayurveda Spa"},"content":{"rendered":"<p>Tr\u00e6d ind i et fristed for dyb afslapning og fornyelse med Ritual Zen Ayurveda Spa, en behandling inspireret af Ayurvedas gamle helbredende traditioner og forst\u00e6rket med Rituals hudpleje. Denne 75-minutters rejse er designet til at genoprette harmoni i krop og sind, samtidig med at din hud str\u00e5ler og revitaliseres.<\/p>\n<p>Din oplevelse begynder med en varmende hot stone-massage p\u00e5 ryggen, hvor den beroligende varme fra glatte vulkanske sten smelter sp\u00e6ndinger v\u00e6k, lindrer muskelsmerter og forbereder kroppen p\u00e5 total afslapning.<\/p>\n<p>Dern\u00e6st p\u00e5f\u00f8rer din terapeut en bodyscrub fra Rituals, professionelt blandet med punjabi pink salt, n\u00e6rende s\u00f8d mandelolie, fugtgivende kokosolie og en base af rige naturlige olier. Denne luksuri\u00f8se scrub eksfolierer og n\u00e6rer i dybden, fjerner urenheder og genopretter bl\u00f8dhed og gl\u00f8d. Med r\u00f8dder i ayurvedisk praksis menes bodyscrubing at v\u00e6re en af de mest effektive metoder til at rense kroppen og stimulere energiflowet, hvilket hj\u00e6lper dig med at f\u00f8le dig lettere og mere afbalanceret.<\/p>\n<p>For at afslutte ritualet vender du dig om p\u00e5 ryggen for en dybt beroligende nakke- og hovedmassage, der er designet til at frigive vedvarende sp\u00e6ndinger, berolige sindet og indbyde til dyb indre fred.<\/p>\n<p><strong>Fordele ved Ritual Zen \u2013 Ayurveda Spa:<\/strong><\/p>\n<ul>\n<li>Lindrer muskelsp\u00e6ndinger og ubehag<\/li>\n<li>Reducerer stress og angst, fremmer f\u00f8lelsesm\u00e6ssig balance<\/li>\n<li>Forbedrer s\u00f8vnkvaliteten og den generelle afslapning<\/li>\n<li>Renser, udglatter og forynger huden<\/li>\n<li>Forbedrer blodcirkulationen, energiflowet og den indre vitalitet<\/li>\n<\/ul>","protected":false},"excerpt":{"rendered":"<p>Ritual Zen \u2013 Ayurveda Spa er en dybt afslappende behandling inspireret af Ayurvedas visdom. Over 75 minutter hj\u00e6lper dette ritual med at frig\u00f8re sp\u00e6ndinger, opfriske huden og bringe balance i b\u00e5de krop og sind.<\/p>\n<p>Ritual Zen \u2013 Ayurveda Spa pris<\/p>\n<p>75 min. \u2014\u2014\u2014- 990 kr.<\/p>\n<p><strong>Betaling og aflysninger<\/strong><br \/>\n\u2013 Vi accepterer kontanter, kort og mobilbetaling.<br \/>\n\u2013 Vi kr\u00e6ver minimum 24 timers varsel for at aflyse eller flytte en aftale.<br \/>\n\u2013 Aftaler, der aflyses inden for 24 timer efter din aftale, vil p\u00e5l\u00e6gges et 50% (af din bestilte service) afbestillingsgebyr.<br \/>\n\u2013 Eventuelle udeblivelser eller aflysninger med mindre end 4 timer skal v\u00e6re underlagt et 100 % afbestillingsgebyr for den reservation.<br \/>\n\u2013 Eventuelle aflysninger eller \u00e6ndringer af din reservation skal kommunikeres via telefon, e-mail eller via online booking.<br \/>\n\u2013 I tilf\u00e6lde af uundg\u00e5elige omst\u00e6ndigheder eller n\u00f8dsituationer kan undtagelser overvejes efter Zen Massages sk\u00f8n.<\/p>","protected":false},"featured_media":1862,"template":"","meta":{"_eb_attr":"","inline_featured_image":false},"product_brand":[],"product_cat":[21],"product_tag":[],"class_list":{"0":"post-1824","1":"product","2":"type-product","3":"status-publish","4":"has-post-thumbnail","6":"product_cat-body-massage","7":"latest_post","9":"first","10":"instock","11":"shipping-taxable","12":"product-type-external"},"jetpack_sharing_enabled":true,"_links":{"self":[{"href":"https:\/\/zenmassage.dk\/da\/wp-json\/wp\/v2\/product\/1824","targetHints":{"allow":["GET"]}}],"collection":[{"href":"https:\/\/zenmassage.dk\/da\/wp-json\/wp\/v2\/product"}],"about":[{"href":"https:\/\/zenmassage.dk\/da\/wp-json\/wp\/v2\/types\/product"}],"wp:featuredmedia":[{"embeddable":true,"href":"https:\/\/zenmassage.dk\/da\/wp-json\/wp\/v2\/media\/1862"}],"wp:attachment":[{"href":"https:\/\/zenmassage.dk\/da\/wp-json\/wp\/v2\/media?parent=1824"}],"wp:term":[{"taxonomy":"product_brand","embeddable":true,"href":"https:\/\/zenmassage.dk\/da\/wp-json\/wp\/v2\/product_brand?post=1824"},{"taxonomy":"product_cat","embeddable":true,"href":"https:\/\/zenmassage.dk\/da\/wp-json\/wp\/v2\/product_cat?post=1824"},{"taxonomy":"product_tag","embeddable":true,"href":"https:\/\/zenmassage.dk\/da\/wp-json\/wp\/v2\/product_tag?post=1824"}],"curies":[{"name":"wp","href":"https:\/\/api.w.org\/{rel}","templated":true}]}}