{"id":1879,"date":"2025-12-17T18:44:38","date_gmt":"2025-12-17T17:44:38","guid":{"rendered":"https:\/\/zenmassage.dk\/?post_type=product&#038;p=1879"},"modified":"2025-12-17T19:05:58","modified_gmt":"2025-12-17T18:05:58","slug":"chair-massage-with-val","status":"publish","type":"product","link":"https:\/\/zenmassage.dk\/da\/vare\/chair-massage-with-val","title":{"rendered":"Stolmassage med Val"},"content":{"rendered":"<p><span style=\"font-weight: 400;\">Stolmassage (siddende massage) er en yderst effektiv behandling til at frig\u00f8re sp\u00e6ndinger, hvor de opbygges mest \u2013 nakke, skuldre, \u00f8vre ryg og hoved. Du er fuldt p\u00e5kl\u00e6dt, og vi bruger ikke olie, hvilket g\u00f8r det til en fremragende mulighed, hvis du kommer i l\u00f8bet af en arbejdsdag eller \u00f8nsker en ren, praktisk behandling med st\u00e6rke resultater.<\/span><\/p>\n<p><span style=\"font-weight: 400;\">Vals stolemassage kombinerer terapeutisk pr\u00e6cision med en rolig og jordn\u00e6r tilstedev\u00e6relse. Afh\u00e6ngigt af dine behov kan sessionen omfatte m\u00e5lrettede teknikker til:<\/span><\/p>\n<ul>\n<li><span style=\"font-weight: 400;\">stram nakke og skuldre (skrivebordsstilling)<\/span><\/li>\n<li><span style=\"font-weight: 400;\">stressrelateret sp\u00e6nding og tr\u00e6thed<\/span><\/li>\n<li><span style=\"font-weight: 400;\">Muskelstivhed i \u00f8vre ryg og arme<\/span><\/li>\n<li><span style=\"font-weight: 400;\">generel genopretning og nedgang i nervesystemet<\/span><\/li>\n<\/ul>\n<p><span style=\"font-weight: 400;\">V\u00e6lg din tid:<\/span><\/p>\n<ul>\n<li><span style=\"font-weight: 400;\">30 min \u2013 hurtig nulstilling, fokuseret nakke\/skuldre<\/span><\/li>\n<li><span style=\"font-weight: 400;\">45 min \u2013 dybere frig\u00f8relse + \u00f8vre ryg<\/span><\/li>\n<li><span style=\"font-weight: 400;\">60 min \u2013 fuld terapeutisk stolsession<\/span><\/li>\n<\/ul>","protected":false},"excerpt":{"rendered":"<p><span style=\"font-weight: 400;\">Stolmassage er en fokuseret, oliefri massage, der udf\u00f8res i en specialdesignet ergonomisk stol \u2013 fuldt p\u00e5kl\u00e6dt. Den er ideel, n\u00e5r du \u00f8nsker hurtig lindring af nakke, skuldre, \u00f8vre ryg, k\u00e6besp\u00e6ndinger og stress uden at skifte eller bruge cremer.<\/span><\/p>\n<p><span style=\"font-weight: 400;\">Perfekt til kontorarbejdere, rejsende og alle, der har brug for at nulstille og forts\u00e6tte dagen med at f\u00f8le sig lettere og roligere.<\/span><\/p>\n<p><span style=\"font-weight: 400;\">Stolmassage med Val-pris<\/span><\/p>\n<p>30 min. \u2014\u2014\u2014- 500 kr.<br \/>\n45 min. \u2014\u2014\u2014- 600 kr.<br \/>\n60 min. \u2014\u2014\u2014- 750 kr.<\/p>\n<p><strong>Betaling og aflysninger<\/strong><br \/>\n\u2013 Vi accepterer kontanter, kort og mobilbetaling.<br \/>\n\u2013 Vi kr\u00e6ver minimum 24 timers varsel for at aflyse eller flytte en aftale.<br \/>\n\u2013 Aftaler, der aflyses inden for 24 timer efter din aftale, vil p\u00e5l\u00e6gges et 50% (af din bestilte service) afbestillingsgebyr.<br \/>\n\u2013 Eventuelle udeblivelser eller aflysninger med mindre end 4 timer skal v\u00e6re underlagt et 100 % afbestillingsgebyr for den reservation.<br \/>\n\u2013 Eventuelle aflysninger eller \u00e6ndringer af din reservation skal kommunikeres via telefon, e-mail eller via online booking.<br \/>\n\u2013 I tilf\u00e6lde af uundg\u00e5elige omst\u00e6ndigheder eller n\u00f8dsituationer kan undtagelser overvejes efter Zen Massages sk\u00f8n.<\/p>","protected":false},"featured_media":1874,"template":"","meta":{"_eb_attr":"","inline_featured_image":false},"product_brand":[],"product_cat":[21],"product_tag":[],"class_list":{"0":"post-1879","1":"product","2":"type-product","3":"status-publish","4":"has-post-thumbnail","6":"product_cat-body-massage","7":"latest_post","9":"first","10":"instock","11":"shipping-taxable","12":"product-type-external"},"jetpack_sharing_enabled":true,"_links":{"self":[{"href":"https:\/\/zenmassage.dk\/da\/wp-json\/wp\/v2\/product\/1879","targetHints":{"allow":["GET"]}}],"collection":[{"href":"https:\/\/zenmassage.dk\/da\/wp-json\/wp\/v2\/product"}],"about":[{"href":"https:\/\/zenmassage.dk\/da\/wp-json\/wp\/v2\/types\/product"}],"wp:featuredmedia":[{"embeddable":true,"href":"https:\/\/zenmassage.dk\/da\/wp-json\/wp\/v2\/media\/1874"}],"wp:attachment":[{"href":"https:\/\/zenmassage.dk\/da\/wp-json\/wp\/v2\/media?parent=1879"}],"wp:term":[{"taxonomy":"product_brand","embeddable":true,"href":"https:\/\/zenmassage.dk\/da\/wp-json\/wp\/v2\/product_brand?post=1879"},{"taxonomy":"product_cat","embeddable":true,"href":"https:\/\/zenmassage.dk\/da\/wp-json\/wp\/v2\/product_cat?post=1879"},{"taxonomy":"product_tag","embeddable":true,"href":"https:\/\/zenmassage.dk\/da\/wp-json\/wp\/v2\/product_tag?post=1879"}],"curies":[{"name":"wp","href":"https:\/\/api.w.org\/{rel}","templated":true}]}}