{"id":434,"date":"2023-07-05T16:12:48","date_gmt":"2023-07-05T14:12:48","guid":{"rendered":"http:\/\/142.132.203.237\/~zenmassa\/tmp\/?post_type=product&#038;p=434"},"modified":"2026-02-18T20:36:09","modified_gmt":"2026-02-18T19:36:09","slug":"pain-relief-massage","status":"publish","type":"product","link":"https:\/\/zenmassage.dk\/da\/vare\/pain-relief-massage","title":{"rendered":"Smertelindrende massage"},"content":{"rendered":"<p><span style=\"font-weight: 400;\">Smertelindrende massage er en terapeutisk teknik designet til at lindre fysisk ubehag og fremme det generelle velv\u00e6re. Denne type massage fokuserer p\u00e5 at m\u00e5lrette specifikke omr\u00e5der med smerte og sp\u00e6ndinger i kroppen ved at bruge forskellige teknikker til at give lindring og afslapning.\u00a0<\/span><\/p>\n<p><span style=\"font-weight: 400;\">Hovedform\u00e5let med smertelindringsmassage er at behandle myofascialt smertesyndrom (MPS), en tilstand karakteriseret ved tilstedev\u00e6relsen af triggerpunkter, der for\u00e5rsager lokaliseret smerte og ubehag. Ved at m\u00e5lrette disse triggerpunkter sigter massageterapeuten efter at give lindring og afslapning. P\u00e5 den anden side retter man sig specifikt mod knob og triggerpunkter, der viser sig som h\u00e6rdede og klumpete omr\u00e5der, der for\u00e5rsager smerte. Denne teknik involverer at l\u00e6gge dybt pres p\u00e5 fascia, ledb\u00e5nd og \u00f8vre lag af muskler, gradvist arbejde igennem til de dybere lag. Den bruger medium til fast tryk for at tr\u00e6nge dybt ind i musklerne. Dybv\u00e6vsmassage kan effektivt reducere muskelspasmer, lindre smerter og genoprette normale bev\u00e6gelsesm\u00f8nstre. Det hj\u00e6lper ogs\u00e5 med at frig\u00f8re sp\u00e6ndinger i hele kroppen og hj\u00e6lper med at komme sig efter tr\u00e6ningsinduceret \u00f8mhed og skader.<\/span><\/p>\n<p><span style=\"font-weight: 400;\">Smertelindringsmassage er en specialiseret form for kropsarbejde, der involverer dygtig manipulation af muskler og bl\u00f8dt v\u00e6v for at behandle smertesymptomer. Gennem en kombination af blide str\u00f8g, m\u00e5lrettet tryk og str\u00e6kteknikker sigter massageterapeuten efter at lindre muskelsp\u00e6ndinger, reducere smerter og forbedre kroppens naturlige helbredende evner. Terapeuten kan bruge en r\u00e6kke modaliteter, s\u00e5som svensk massage, dybv\u00e6vsmassage, triggerpunktsterapi eller myofascial frigivelse, afh\u00e6ngigt af individets specifikke behov.<\/span><\/p>\n<p><span style=\"font-weight: 400;\">Smertelindrende massage giver f\u00f8lgende fordele:<\/span><\/p>\n<ol>\n<li style=\"font-weight: 400;\" aria-level=\"1\"><span style=\"font-weight: 400;\">Lindrer smerter, herunder muskel\u00f8mhed, hovedpine, rygsmerter og nakkesmerter.<\/span><\/li>\n<li style=\"font-weight: 400;\" aria-level=\"1\"><span style=\"font-weight: 400;\">Forbedrer cirkulationen, leverer ilt og n\u00e6ringsstoffer for at helbrede og reducere inflammation.<\/span><\/li>\n<li style=\"font-weight: 400;\" aria-level=\"1\"><span style=\"font-weight: 400;\">Afslapper musklerne, frig\u00f8r sp\u00e6ndinger og \u00f8ger fleksibiliteten.<\/span><\/li>\n<li style=\"font-weight: 400;\" aria-level=\"1\"><span style=\"font-weight: 400;\">\u00d8ger bev\u00e6gelsesomr\u00e5det, gavnligt for tilstande som gigt eller restitution efter operationen.<\/span><\/li>\n<li style=\"font-weight: 400;\" aria-level=\"1\"><span style=\"font-weight: 400;\">Reducerer stress, fremkalder afslapning og forbedrer s\u00f8vnkvaliteten.<\/span><\/li>\n<li style=\"font-weight: 400;\" aria-level=\"1\"><span style=\"font-weight: 400;\">\u00d8ger hum\u00f8ret, reducerer angst og depression og fremmer f\u00f8lelsesm\u00e6ssigt velv\u00e6re.<\/span><\/li>\n<li style=\"font-weight: 400;\" aria-level=\"1\"><span style=\"font-weight: 400;\">Komplementerer det overordnede velv\u00e6re ved at pleje og fremme egenomsorg.<\/span><\/li>\n<li style=\"font-weight: 400;\" aria-level=\"1\"><span style=\"font-weight: 400;\">Smertelindrende massage tilbyder en holistisk tilgang til velv\u00e6re, der adresserer b\u00e5de fysiske og mentale aspekter.<\/span><\/li>\n<\/ol>\n<p><span style=\"font-weight: 400;\">Sammenfattende er smertelindringsmassage en m\u00e5lrettet terapi, der har til form\u00e5l at lindre smerter, reducere sp\u00e6ndinger og forbedre det generelle velv\u00e6re. Gennem forskellige teknikker giver det en r\u00e6kke fordele, herunder smertereduktion, forbedret cirkulation, muskelafslapning, \u00f8get bev\u00e6gelsesomr\u00e5de, stressreduktion og f\u00f8lelsesm\u00e6ssigt velv\u00e6re.<\/span><\/p>","protected":false},"excerpt":{"rendered":"<p><span style=\"font-weight: 400;\">Smertelindrende massage er en meget efterspurgt behandling for personer, der tilbringer l\u00e6ngere tid i samme stilling eller har fysisk kr\u00e6vende arbejde. Denne terapeutiske teknik retter sig specifikt mod og behandler knuder eller triggerpunkter, som er omr\u00e5der med stramt, h\u00e6rdet muskelv\u00e6v, der kan v\u00e6re en kilde til betydelig smerte og ubehag.<\/span><\/p>\n<p><strong>Smertelindrende massage pris<\/strong><\/p>\n<p>30 min. \u2014\u2014\u2014- 500*, 715** Kr.<br \/>\n45 min. \u2014\u2014\u2014- 600*, 825** Kr.<br \/>\n60 min. \u2014\u2014\u2014- 750*, 900** Kr.<br \/>\n75 min. \u2014\u2014\u2014- 900*, 1050** Kr.<br \/>\n90 min. \u2014\u2014\u2014- 1000*, 1265** Kr.<\/p>\n<p>* Gyb, Natalia<br \/>\n** Zhenya<\/p>\n<p><strong>Betaling og aflysninger<\/strong><\/p>\n<p>\u2013 Vi accepterer kontanter, kort og mobilbetaling.<br \/>\n\u2013 Vi kr\u00e6ver minimum 24 timers varsel for at aflyse eller flytte en aftale.<br \/>\n\u2013 Aftaler, der aflyses inden for 24 timer efter din aftale, vil p\u00e5l\u00e6gges et 50% (af din bestilte service) afbestillingsgebyr.<br \/>\n\u2013 Eventuelle udeblivelser eller aflysninger med mindre end 4 timer skal v\u00e6re underlagt et 100 % afbestillingsgebyr for den reservation.<br \/>\n\u2013 Eventuelle aflysninger eller \u00e6ndringer af din reservation skal kommunikeres via telefon, e-mail eller via online booking.<br \/>\n\u2013 I tilf\u00e6lde af uundg\u00e5elige omst\u00e6ndigheder eller n\u00f8dsituationer kan undtagelser overvejes efter Zen Massages sk\u00f8n.<\/p>","protected":false},"featured_media":122,"template":"","meta":{"_eb_attr":"","inline_featured_image":false},"product_brand":[],"product_cat":[21],"product_tag":[],"class_list":{"0":"post-434","1":"product","2":"type-product","3":"status-publish","4":"has-post-thumbnail","6":"product_cat-body-massage","7":"latest_post","9":"first","10":"instock","11":"shipping-taxable","12":"product-type-external"},"jetpack_sharing_enabled":true,"_links":{"self":[{"href":"https:\/\/zenmassage.dk\/da\/wp-json\/wp\/v2\/product\/434","targetHints":{"allow":["GET"]}}],"collection":[{"href":"https:\/\/zenmassage.dk\/da\/wp-json\/wp\/v2\/product"}],"about":[{"href":"https:\/\/zenmassage.dk\/da\/wp-json\/wp\/v2\/types\/product"}],"wp:featuredmedia":[{"embeddable":true,"href":"https:\/\/zenmassage.dk\/da\/wp-json\/wp\/v2\/media\/122"}],"wp:attachment":[{"href":"https:\/\/zenmassage.dk\/da\/wp-json\/wp\/v2\/media?parent=434"}],"wp:term":[{"taxonomy":"product_brand","embeddable":true,"href":"https:\/\/zenmassage.dk\/da\/wp-json\/wp\/v2\/product_brand?post=434"},{"taxonomy":"product_cat","embeddable":true,"href":"https:\/\/zenmassage.dk\/da\/wp-json\/wp\/v2\/product_cat?post=434"},{"taxonomy":"product_tag","embeddable":true,"href":"https:\/\/zenmassage.dk\/da\/wp-json\/wp\/v2\/product_tag?post=434"}],"curies":[{"name":"wp","href":"https:\/\/api.w.org\/{rel}","templated":true}]}}