{"id":435,"date":"2023-07-05T16:17:53","date_gmt":"2023-07-05T14:17:53","guid":{"rendered":"http:\/\/142.132.203.237\/~zenmassa\/tmp\/?post_type=product&#038;p=435"},"modified":"2025-12-01T13:31:18","modified_gmt":"2025-12-01T12:31:18","slug":"couple-massage","status":"publish","type":"product","link":"https:\/\/zenmassage.dk\/da\/vare\/couple-massage","title":{"rendered":"Parmassage"},"content":{"rendered":"<p><span style=\"font-weight: 400;\">En parmassage er en afslappende og foryngende spa-oplevelse, der giver to personer mulighed for at modtage en massage samtidigt i samme rum. Det er en vidunderlig m\u00e5de for par, venner eller familiemedlemmer at knytte b\u00e5nd, slappe af og nyde noget kvalitetstid sammen, mens de nyder de terapeutiske fordele ved en massage.<\/span><\/p>\n<p><span style=\"font-weight: 400;\">Under en parmassage ligger hver person p\u00e5 deres eget massagebriks side om side med deres egen massageterapeut, der tager sig af deres individuelle behov. Behandlingen begynder typisk med en kort konsultation for at diskutere eventuelle specifikke bekymringer eller pr\u00e6ferencer, hvilket sikrer en personlig oplevelse for begge personer. Massageterapeuterne kan bruge forskellige teknikker s\u00e5som svensk massage, dybv\u00e6vsmassage, aromaterapi eller hot stone massage, afh\u00e6ngigt af parrets pr\u00e6ferencer og krav.<\/span><\/p>\n<p><span style=\"font-weight: 400;\">Fordelene ved parmassage str\u00e6kker sig ud over den fysiske afslapning og stresslindring, der almindeligvis er forbundet med massage. Her er nogle af fordelene:<\/span><\/p>\n<ol>\n<li style=\"font-weight: 400;\" aria-level=\"1\"><span style=\"font-weight: 400;\">Forbedret forbindelse: At dele en massageoplevelse med en elsket kan uddybe det f\u00f8lelsesm\u00e6ssige og fysiske b\u00e5nd mellem partnere. Den beroligende stemning, beroligende musik og synkroniseret ber\u00f8ring skaber en intim atmosf\u00e6re, der fremmer en f\u00f8lelse af n\u00e6rhed og forbindelse.<\/span><\/li>\n<li style=\"font-weight: 400;\" aria-level=\"1\"><span style=\"font-weight: 400;\">Stresslindring: Begge partnere kan slappe af og give slip p\u00e5 hverdagens stress og sp\u00e6ndinger, da massageterapeuterne arbejder p\u00e5 at lindre muskelsp\u00e6ndinger og fremme afslapning. Det blide tryk og de flydende str\u00f8g hj\u00e6lper med at frigive endorfiner, kroppens naturlige &quot;feel-good&quot;-kemikalier, hvilket fremmer en f\u00f8lelse af velv\u00e6re.<\/span><\/li>\n<li style=\"font-weight: 400;\" aria-level=\"1\"><span style=\"font-weight: 400;\">\u00d8get afslapning: Kombinationen af beroligende stemning, dygtig ber\u00f8ring og tilstedev\u00e6relsen af en elsket kan intensivere afslapningsresponsen. Par kan komme ind i en tilstand af dyb afslapning sammen, give slip p\u00e5 bekymringer og opn\u00e5 en dyb f\u00f8lelse af ro.<\/span><\/li>\n<li style=\"font-weight: 400;\" aria-level=\"1\"><span style=\"font-weight: 400;\">Kvalitetstid: I dagens tempofyldte verden kan det v\u00e6re en udfordring at finde kvalitetstid at tilbringe med en partner. En parmassage giver mulighed for uafbrudt samv\u00e6r, hvilket giver partnerne mulighed for at genoprette forbindelsen og nyde hinandens selskab i et roligt og stressfrit milj\u00f8.<\/span><\/li>\n<li style=\"font-weight: 400;\" aria-level=\"1\"><span style=\"font-weight: 400;\">Forbedret kommunikation: Den f\u00e6lles oplevelse af en parmassage kan tilskynde til \u00e5ben kommunikation og forst\u00e6rke ikke-verbale signaler mellem partnere. Da terapeuterne arbejder p\u00e5 at forl\u00f8se sp\u00e6ndinger og genoprette balancen, kan par ogs\u00e5 bruge denne tid til at kommunikere deres behov og \u00f8nsker, fremme bedre forst\u00e5else og harmoni.<\/span><\/li>\n<li style=\"font-weight: 400;\" aria-level=\"1\"><span style=\"font-weight: 400;\">Gensidig Wellness: Ved at prioritere egenomsorg og velv\u00e6re sammen kan par inspirere og motivere hinanden til at opretholde en sund livsstil. Parmassage tjener som en p\u00e5mindelse om at tage sig tid til afslapning og egenomsorg, ikke kun individuelt, men som en enhed.<\/span><\/li>\n<\/ol>\n<p><span style=\"font-weight: 400;\">Samlet set tilbyder en parmassage en dejlig blanding af afslapning, foryngelse og forbindelse. Det giver en unik mulighed for at pleje forholdet og samtidig h\u00f8ste de terapeutiske fordele ved massageterapi. Uanset om det er en speciel lejlighed, en romantisk ferie eller blot et \u00f8nske om at slappe af sammen, kan en parmassage skabe varige minder og forbedre det generelle velv\u00e6re.<\/span><\/p>","protected":false},"excerpt":{"rendered":"<p><span style=\"font-weight: 400;\">En parmassage er en afslappende og foryngende oplevelse, der giver to personer mulighed for at modtage en massage samtidigt i samme rum. Det er en vidunderlig m\u00e5de for par, venner eller familiemedlemmer at knytte b\u00e5nd, slappe af og nyde noget kvalitetstid sammen, mens de nyder de terapeutiske fordele ved en massage.<\/span><\/p>\n<p><strong>Par massage pris<\/strong><br \/>\n30 min. \u2014\u2014\u2014- 1000 kr.<br \/>\n45 min. \u2014\u2014\u2014- 1200 kr.<br \/>\n60 min. \u2014\u2014\u2014- 1500 kr.<br \/>\n75 min. \u2014\u2014\u2014- 1800 kr.<br \/>\n90 min. \u2014\u2014\u2014- 2000 kr.<br \/>\n*Prisen er for 2 personer<\/p>\n<p>Betaling og aflysninger<br \/>\n\u2013 Vi accepterer kontanter, kort og mobilbetaling.<br \/>\n\u2013 Vi kr\u00e6ver minimum 24 timers varsel for at aflyse eller flytte en aftale.<br \/>\n\u2013 Aftaler, der aflyses inden for 24 timer efter din aftale, vil p\u00e5l\u00e6gges et 50% (af din bestilte service) afbestillingsgebyr.<br \/>\n\u2013 Eventuelle udeblivelser eller aflysninger med mindre end 4 timer skal v\u00e6re underlagt et 100 % afbestillingsgebyr for den reservation.<br \/>\n\u2013 Eventuelle aflysninger eller \u00e6ndringer af din reservation skal kommunikeres via telefon, e-mail eller via online booking.<br \/>\n\u2013 I tilf\u00e6lde af uundg\u00e5elige omst\u00e6ndigheder eller n\u00f8dsituationer kan undtagelser overvejes efter Zen Massages sk\u00f8n.<\/p>","protected":false},"featured_media":124,"template":"","meta":{"_eb_attr":"","inline_featured_image":false},"product_brand":[],"product_cat":[21],"product_tag":[],"class_list":{"0":"post-435","1":"product","2":"type-product","3":"status-publish","4":"has-post-thumbnail","6":"product_cat-body-massage","7":"latest_post","9":"first","10":"instock","11":"shipping-taxable","12":"product-type-external"},"jetpack_sharing_enabled":true,"_links":{"self":[{"href":"https:\/\/zenmassage.dk\/da\/wp-json\/wp\/v2\/product\/435","targetHints":{"allow":["GET"]}}],"collection":[{"href":"https:\/\/zenmassage.dk\/da\/wp-json\/wp\/v2\/product"}],"about":[{"href":"https:\/\/zenmassage.dk\/da\/wp-json\/wp\/v2\/types\/product"}],"wp:featuredmedia":[{"embeddable":true,"href":"https:\/\/zenmassage.dk\/da\/wp-json\/wp\/v2\/media\/124"}],"wp:attachment":[{"href":"https:\/\/zenmassage.dk\/da\/wp-json\/wp\/v2\/media?parent=435"}],"wp:term":[{"taxonomy":"product_brand","embeddable":true,"href":"https:\/\/zenmassage.dk\/da\/wp-json\/wp\/v2\/product_brand?post=435"},{"taxonomy":"product_cat","embeddable":true,"href":"https:\/\/zenmassage.dk\/da\/wp-json\/wp\/v2\/product_cat?post=435"},{"taxonomy":"product_tag","embeddable":true,"href":"https:\/\/zenmassage.dk\/da\/wp-json\/wp\/v2\/product_tag?post=435"}],"curies":[{"name":"wp","href":"https:\/\/api.w.org\/{rel}","templated":true}]}}