{"id":538,"date":"2023-07-10T16:34:48","date_gmt":"2023-07-10T14:34:48","guid":{"rendered":"http:\/\/142.132.203.237\/~zenmassa\/tmp\/?post_type=product&#038;p=538"},"modified":"2026-01-08T11:48:38","modified_gmt":"2026-01-08T10:48:38","slug":"zhenya-signature-massage","status":"publish","type":"product","link":"https:\/\/zenmassage.dk\/da\/vare\/zhenya-signature-massage","title":{"rendered":"Zhenya signatur"},"content":{"rendered":"<p>Zhenya signaturterapi. Under terapien modtager du en tilstand af k\u00e6rlig venlighed og velvilje, som jeg retter mod dig. Denne s\u00e6rlige tilgang skaber en atmosf\u00e6re af ro, omsorg og oprigtig velvilje, der hj\u00e6lper dig med at slappe af ikke kun fysisk, men ogs\u00e5 f\u00f8lelsesm\u00e6ssigt og \u00e5ndeligt.<\/p>\n<p><strong><span style=\"color: var(--font-color); font-family: var(--primary-font);\">\u00a0<\/span><span style=\"color: var(--font-color); font-family: var(--primary-font);\">I l\u00f8bet af <\/span><span style=\"color: var(--font-color); font-family: var(--primary-font);\">Zhenya signaturbehandling:<\/span><\/strong><\/p>\n<p>1. **Energy of Care**: Zhenya leder bevidst sine tanker og energi mod klientens velbefindende og skaber et trygt og st\u00f8ttende milj\u00f8.<br \/>\n2. **Meditativ tilstand**: Zhenya kan bruge Metta-meditation f\u00f8r sessionen for at dyrke en tilstand af k\u00e6rlig venlighed.<br \/>\n3. **Mindful Touch**: Hver ber\u00f8ring er lavet med den hensigt at give komfort, helbredelse og velv\u00e6re ved at bruge b\u00e5de \u00f8stlige og vestlige massageteknikker (Thai yoga massage, tibetansk, Rebozo, Tok Sen og andre).<br \/>\n4. **Harmonisering**: Massagen hj\u00e6lper med at harmonisere klientens krop, sind og sj\u00e6l, hvilket fremmer dyb afslapning og genopretning.<\/p>\n<p>Zhenya Signature Treatment er s\u00e5ledes ikke kun en fysisk procedure, men ogs\u00e5 en dyb spirituel praksis rettet mod holistisk helbredelse af klienten.<\/p>\n<p><strong>Kontraindikationer til terapi:<\/strong><\/p>\n<p><strong>## absolutte kontraindikationer:<\/strong><\/p>\n<ol>\n<li><span style=\"font-weight: 400;\"> **Akutte inflammatoriske processer**: Feber, akutte infektioner.<\/span><\/li>\n<li><span style=\"font-weight: 400;\"> **Bl\u00f8dningstendenser**: H\u00e6mofili, trombose, tromboflebitis.<\/span><\/li>\n<li><span style=\"font-weight: 400;\"> **Onkologiske sygdomme**: Ondartede tumorer.<\/span><\/li>\n<li><span style=\"font-weight: 400;\"> **Alvorlige hjerte-kar-sygdomme**: Akut hjertesvigt, myokardieinfarkt, slagtilf\u00e6lde.<\/span><\/li>\n<li><span style=\"font-weight: 400;\"> **Hudinfektionssygdomme**: Herpes, purulente udbrud.<\/span><\/li>\n<li><span style=\"font-weight: 400;\"> **Psykiatriske lidelser**: Akut psykiatrisk tilstand.<\/span><\/li>\n<li><span style=\"font-weight: 400;\"> **Sv\u00e6r hypertension**: Ukontrolleret h\u00f8jt blodtryk.<\/span><\/li>\n<li><span style=\"font-weight: 400;\"> **Alvorlige skader**: Brud, dislokationer.<\/span><\/li>\n<\/ol>\n<p><strong>### Relative kontraindikationer:<\/strong><\/p>\n<ol>\n<li><span style=\"font-weight: 400;\"> **Graviditet**: Massage er tilladt, men med forsigtighed og efter konsultation med l\u00e6ge.<\/span><\/li>\n<li><span style=\"font-weight: 400;\"> **Menstruation**: Kan udf\u00f8res under hensyntagen til klientens tilstand.<\/span><\/li>\n<li><span style=\"font-weight: 400;\"> **\u00c5reknuder**: Massage er tilladt, men omr\u00e5det med \u00e5reknuder b\u00f8r undg\u00e5s.<\/span><\/li>\n<li><span style=\"font-weight: 400;\"> **Mild hudlidelse**: Eksem, psoriasis \u2014 massage er mulig med forsigtighed.<\/span><\/li>\n<li><span style=\"font-weight: 400;\"> **F\u00f8lsomhed over for allergiske reaktioner**: Det anbefales at undg\u00e5 allergifremkaldende olier og cremer.<\/span><\/li>\n<li><span style=\"font-weight: 400;\"> **Kroniske sygdomme**: Diabetes, astma \u2014 massage er muligt efter konsultation med l\u00e6ge.<\/span><\/li>\n<\/ol>\n<p><span style=\"font-weight: 400;\">Hvis du har flere sp\u00f8rgsm\u00e5l eller brug for yderligere hj\u00e6lp, er du velkommen til at sp\u00f8rge!<\/span><\/p>","protected":false},"excerpt":{"rendered":"<p>Zhenya signatur, jeg giver et n\u00e6rende milj\u00f8, hvor du frit kan udtrykke dine f\u00f8lelser og finde tr\u00f8st, hvilket giver mulighed for en revitaliseret f\u00f8lelse af selv og generelt velv\u00e6re. Gennem ubetinget st\u00f8tte og omsorg hj\u00e6lper jeg dig med at genoprette forbindelsen til din krop, sind og sj\u00e6l.<\/p>\n<p><strong>Zhenya signaturpris<\/strong><br \/>\n90 min. \u2014\u2014\u2014- 1800 kr.<br \/>\n120 min. \u2014\u2014\u2014 2300 kr.<\/p>\n<p><strong>Betaling og aflysninger<\/strong><br \/>\n\u2013 Vi accepterer kontanter, kort og mobilbetaling.<br \/>\n\u2013 Vi kr\u00e6ver minimum 24 timers varsel for at aflyse eller flytte en aftale.<br \/>\n\u2013 Aftaler, der aflyses inden for 24 timer efter din aftale, vil p\u00e5l\u00e6gges et 50% (af din bestilte service) afbestillingsgebyr.<br \/>\n\u2013 Eventuelle udeblivelser eller aflysninger med mindre end 4 timer skal v\u00e6re underlagt et 100 % afbestillingsgebyr for den reservation.<br \/>\n\u2013 Eventuelle aflysninger eller \u00e6ndringer af din reservation skal kommunikeres via telefon, e-mail eller via online booking.<br \/>\n\u2013 I tilf\u00e6lde af uundg\u00e5elige omst\u00e6ndigheder eller n\u00f8dsituationer kan undtagelser overvejes efter Zen Massages sk\u00f8n.<\/p>","protected":false},"featured_media":536,"template":"","meta":{"_eb_attr":"","inline_featured_image":false},"product_brand":[],"product_cat":[21],"product_tag":[],"class_list":{"0":"post-538","1":"product","2":"type-product","3":"status-publish","4":"has-post-thumbnail","6":"product_cat-body-massage","7":"latest_post","9":"first","10":"instock","11":"shipping-taxable","12":"product-type-external"},"jetpack_sharing_enabled":true,"_links":{"self":[{"href":"https:\/\/zenmassage.dk\/da\/wp-json\/wp\/v2\/product\/538","targetHints":{"allow":["GET"]}}],"collection":[{"href":"https:\/\/zenmassage.dk\/da\/wp-json\/wp\/v2\/product"}],"about":[{"href":"https:\/\/zenmassage.dk\/da\/wp-json\/wp\/v2\/types\/product"}],"wp:featuredmedia":[{"embeddable":true,"href":"https:\/\/zenmassage.dk\/da\/wp-json\/wp\/v2\/media\/536"}],"wp:attachment":[{"href":"https:\/\/zenmassage.dk\/da\/wp-json\/wp\/v2\/media?parent=538"}],"wp:term":[{"taxonomy":"product_brand","embeddable":true,"href":"https:\/\/zenmassage.dk\/da\/wp-json\/wp\/v2\/product_brand?post=538"},{"taxonomy":"product_cat","embeddable":true,"href":"https:\/\/zenmassage.dk\/da\/wp-json\/wp\/v2\/product_cat?post=538"},{"taxonomy":"product_tag","embeddable":true,"href":"https:\/\/zenmassage.dk\/da\/wp-json\/wp\/v2\/product_tag?post=538"}],"curies":[{"name":"wp","href":"https:\/\/api.w.org\/{rel}","templated":true}]}}