{"id":563,"date":"2023-07-10T17:38:09","date_gmt":"2023-07-10T15:38:09","guid":{"rendered":"http:\/\/142.132.203.237\/~zenmassa\/tmp\/?post_type=product&#038;p=563"},"modified":"2025-08-20T18:06:08","modified_gmt":"2025-08-20T16:06:08","slug":"anti-cellulite-massage","status":"publish","type":"product","link":"https:\/\/zenmassage.dk\/da\/vare\/anti-cellulite-massage","title":{"rendered":"Anti-cellulite massage"},"content":{"rendered":"<p><span style=\"font-weight: 400;\">Anti-cellulite massage \u2744\ufe0f\u2764\ufe0f\u200d\ud83d\udd25<\/span><\/p>\n<p><span style=\"font-weight: 400;\">Med tillid til en erfaren mesters h\u00e6nder vil du helt sikkert f\u00e5 et resultat - en perfekt silhuet og elastisk hud uden &quot;appelsinhud&quot;<\/span><\/p>\n<p><span style=\"font-weight: 400;\">En af hemmelighederne i anti-cellulite-programmet er Inari-fjederv\u00e6rkt\u00f8jet.<\/span><\/p>\n<p><span style=\"font-weight: 400;\">Inaris kraftfulde instrument, der:<\/span><\/p>\n<p><span style=\"font-weight: 400;\">\u2764\ufe0f\u200d\ud83d\udd25 Jeg tr\u00e6ner fedt- og subkutant fedtv\u00e6v med h\u00f8j kvalitet;<\/span><\/p>\n<p><span style=\"font-weight: 400;\">\u2764\ufe0f\u200d\ud83d\udd25har en effektiv effekt p\u00e5 det subkutane fedtlag<\/span><\/p>\n<p><span style=\"font-weight: 400;\">\u2764\ufe0f\u200d\ud83d\udd25hj\u00e6lper muskelfibre med at genoprette deres evne til at tr\u00e6kke sig sammen og derved genoprette muskeltonus<\/span><\/p>\n<p><span style=\"font-weight: 400;\">Tak \ud83d\ude4f fordi du valgte vores tjenester \ud83e\udd17\ud83d\ude18<\/span><\/p>","protected":false},"excerpt":{"rendered":"<p>Oplev den transformerende kraft af vores anti-cellulite massage, designet til at m\u00e5lrette mod st\u00e6dig cellulite og fremme en glattere, fastere hud. L\u00e5s op for din krops naturlige sk\u00f8nhed med vores forfriskende anti-cellulitemassage, ekspertudviklet til at reducere forekomsten af cellulite og forbedre dit generelle velv\u00e6re.<\/p>\n<p><strong>Anti-cellulite massage pris<\/strong><br \/>\n45 min. \u2014\u2014\u2014- 825 kr.<\/p>\n<p>* For de bedste effekter anbefaler vi Anti-cellulite massage to gange om ugen og 3 uger forts\u00e6tte.<br \/>\n<strong>Betaling og aflysninger<\/strong><br \/>\n\u2013 Vi accepterer kontanter, kort og mobilbetaling.<br \/>\n\u2013 Vi kr\u00e6ver minimum 24 timers varsel for at aflyse eller flytte en aftale.<br \/>\n\u2013 Aftaler, der aflyses inden for 24 timer efter din aftale, vil p\u00e5l\u00e6gges et 50% (af din bestilte service) afbestillingsgebyr.<br \/>\n\u2013 Eventuelle udeblivelser eller aflysninger med mindre end 4 timer skal v\u00e6re underlagt et 100 % afbestillingsgebyr for den reservation.<br \/>\n\u2013 Eventuelle aflysninger eller \u00e6ndringer af din reservation skal kommunikeres via telefon, e-mail eller via online booking.<br \/>\n\u2013 I tilf\u00e6lde af uundg\u00e5elige omst\u00e6ndigheder eller n\u00f8dsituationer kan undtagelser overvejes efter Zen Massages sk\u00f8n.<\/p>","protected":false},"featured_media":560,"template":"","meta":{"_eb_attr":"","inline_featured_image":false},"product_brand":[],"product_cat":[21],"product_tag":[],"class_list":{"0":"post-563","1":"product","2":"type-product","3":"status-publish","4":"has-post-thumbnail","6":"product_cat-body-massage","7":"latest_post","9":"first","10":"instock","11":"shipping-taxable","12":"product-type-external"},"jetpack_sharing_enabled":true,"_links":{"self":[{"href":"https:\/\/zenmassage.dk\/da\/wp-json\/wp\/v2\/product\/563","targetHints":{"allow":["GET"]}}],"collection":[{"href":"https:\/\/zenmassage.dk\/da\/wp-json\/wp\/v2\/product"}],"about":[{"href":"https:\/\/zenmassage.dk\/da\/wp-json\/wp\/v2\/types\/product"}],"wp:featuredmedia":[{"embeddable":true,"href":"https:\/\/zenmassage.dk\/da\/wp-json\/wp\/v2\/media\/560"}],"wp:attachment":[{"href":"https:\/\/zenmassage.dk\/da\/wp-json\/wp\/v2\/media?parent=563"}],"wp:term":[{"taxonomy":"product_brand","embeddable":true,"href":"https:\/\/zenmassage.dk\/da\/wp-json\/wp\/v2\/product_brand?post=563"},{"taxonomy":"product_cat","embeddable":true,"href":"https:\/\/zenmassage.dk\/da\/wp-json\/wp\/v2\/product_cat?post=563"},{"taxonomy":"product_tag","embeddable":true,"href":"https:\/\/zenmassage.dk\/da\/wp-json\/wp\/v2\/product_tag?post=563"}],"curies":[{"name":"wp","href":"https:\/\/api.w.org\/{rel}","templated":true}]}}