{"id":567,"date":"2023-07-10T17:54:01","date_gmt":"2023-07-10T15:54:01","guid":{"rendered":"http:\/\/142.132.203.237\/~zenmassa\/tmp\/?post_type=product&#038;p=567"},"modified":"2025-08-20T18:07:00","modified_gmt":"2025-08-20T16:07:00","slug":"guasha-facial-massage","status":"publish","type":"product","link":"https:\/\/zenmassage.dk\/da\/vare\/guasha-facial-massage","title":{"rendered":"Guasha ansigtsmassage"},"content":{"rendered":"<p>Gua sha ansigtsmassage er en traditionel kinesisk terapi, der involverer at bruge et lille h\u00e5ndholdt v\u00e6rkt\u00f8j, typisk lavet af jade eller andre glatte sten, til at massere ansigt og hals. Udtrykket &quot;gua sha&quot; overs\u00e6ttes til &quot;skrabe sand&quot; p\u00e5 kinesisk, der henviser til de skrabe- eller str\u00f8gbev\u00e6gelser, der bruges under massagen.<\/p>\n<p>Under en gua sha ansigtsmassage p\u00e5f\u00f8rer terapeuten et blidt tryk og glider v\u00e6rkt\u00f8jet hen over huden i bestemte m\u00f8nstre og retninger. Str\u00f8gene udf\u00f8res typisk i en opadg\u00e5ende og udadg\u00e5ende bev\u00e6gelse for at fremme lymfedr\u00e6nage, \u00f8ge blodcirkulationen og slappe af i ansigtsmusklerne.<\/p>\n<p>Fordelene ved gua sha ansigtsmassage menes at omfatte:<\/p>\n<p>1. Forbedret cirkulation: Massagen hj\u00e6lper med at stimulere blodgennemstr\u00f8mningen og bringer ilt og n\u00e6ringsstoffer til hudcellerne, hvilket kan fremme en sundere teint.<\/p>\n<p>2. Lymfedr\u00e6nage: Gua sha-massage kan hj\u00e6lpe med at skylle toksiner ud og reducere h\u00e6velser ved at tilskynde til lymfedr\u00e6nage i ansigtet.<\/p>\n<p>3. Ansigtsmuskelafsp\u00e6nding: Det blide tryk, der p\u00e5f\u00f8res under massagen, kan hj\u00e6lpe med at slappe af sp\u00e6ndte ansigtsmuskler og reducere ansigtssp\u00e6ndinger.<\/p>\n<p>4. Hudforyngelse: Regelm\u00e6ssig gua sha ansigtsmassage menes at fremme kollagenproduktionen, som kan forbedre hudens elasticitet og reducere forekomsten af fine linjer og rynker.<\/p>\n<p>5. Ansigtskonturering: Nogle fortalere mener, at gua sha-massage kan hj\u00e6lpe med at forme og definere ansigtets konturer ved at stimulere cirkulationen og reducere v\u00e6skeretention.<\/p>","protected":false},"excerpt":{"rendered":"<p><span style=\"font-weight: 400;\">Hvad er godt ved Guasha ansigtsmassage?<br \/>\nDet vil hj\u00e6lpe med at starte intensiv blodcirkulation. Derved udglatter sm\u00e5 rynker, opstrammer det ovale i ansigtet, hvilket har en gavnlig effekt p\u00e5 lymfesystemet. Fjernelse af overskydende v\u00e6ske, og ogs\u00e5 fjernelse af poser og bl\u00e5 m\u00e6rker under \u00f8jnene, indsn\u00e6vring af porer.<\/span><\/p>\n<p><strong>Guasha ansigtsmassage pris<\/strong><br \/>\n45 min. \u2014\u2014\u2014- 825 kr.<\/p>\n<p><strong>Betaling og aflysninger<\/strong><br \/>\n\u2013 Vi accepterer kontanter, kort og mobilbetaling.<br \/>\n\u2013 Vi kr\u00e6ver minimum 24 timers varsel for at aflyse eller flytte en aftale.<br \/>\n\u2013 Aftaler, der aflyses inden for 24 timer efter din aftale, vil p\u00e5l\u00e6gges et 50% (af din bestilte service) afbestillingsgebyr.<br \/>\n\u2013 Eventuelle udeblivelser eller aflysninger med mindre end 4 timer skal v\u00e6re underlagt et 100 % afbestillingsgebyr for den reservation.<br \/>\n\u2013 Eventuelle aflysninger eller \u00e6ndringer af din reservation skal kommunikeres via telefon, e-mail eller via online booking.<br \/>\n\u2013 I tilf\u00e6lde af uundg\u00e5elige omst\u00e6ndigheder eller n\u00f8dsituationer kan undtagelser overvejes efter Zen Massages sk\u00f8n.<\/p>","protected":false},"featured_media":548,"template":"","meta":{"_eb_attr":"","inline_featured_image":false},"product_brand":[],"product_cat":[22],"product_tag":[],"class_list":{"0":"post-567","1":"product","2":"type-product","3":"status-publish","4":"has-post-thumbnail","6":"product_cat-face-massage","7":"latest_post","9":"first","10":"instock","11":"shipping-taxable","12":"product-type-external"},"jetpack_sharing_enabled":true,"_links":{"self":[{"href":"https:\/\/zenmassage.dk\/da\/wp-json\/wp\/v2\/product\/567","targetHints":{"allow":["GET"]}}],"collection":[{"href":"https:\/\/zenmassage.dk\/da\/wp-json\/wp\/v2\/product"}],"about":[{"href":"https:\/\/zenmassage.dk\/da\/wp-json\/wp\/v2\/types\/product"}],"wp:featuredmedia":[{"embeddable":true,"href":"https:\/\/zenmassage.dk\/da\/wp-json\/wp\/v2\/media\/548"}],"wp:attachment":[{"href":"https:\/\/zenmassage.dk\/da\/wp-json\/wp\/v2\/media?parent=567"}],"wp:term":[{"taxonomy":"product_brand","embeddable":true,"href":"https:\/\/zenmassage.dk\/da\/wp-json\/wp\/v2\/product_brand?post=567"},{"taxonomy":"product_cat","embeddable":true,"href":"https:\/\/zenmassage.dk\/da\/wp-json\/wp\/v2\/product_cat?post=567"},{"taxonomy":"product_tag","embeddable":true,"href":"https:\/\/zenmassage.dk\/da\/wp-json\/wp\/v2\/product_tag?post=567"}],"curies":[{"name":"wp","href":"https:\/\/api.w.org\/{rel}","templated":true}]}}