{"id":962,"date":"2023-08-03T15:03:15","date_gmt":"2023-08-03T13:03:15","guid":{"rendered":"http:\/\/142.132.203.237\/~zenmassa\/tmp\/?post_type=product&#038;p=962"},"modified":"2026-02-18T20:38:41","modified_gmt":"2026-02-18T19:38:41","slug":"lomi-lomi-nui-massage","status":"publish","type":"product","link":"https:\/\/zenmassage.dk\/da\/vare\/lomi-lomi-nui-massage","title":{"rendered":"Lomi lomi nui massage"},"content":{"rendered":"<div style=\"width: 640px;\" class=\"wp-video\"><video class=\"wp-video-shortcode\" id=\"video-962-1\" width=\"640\" height=\"480\" preload=\"metadata\" controls=\"controls\"><source type=\"video\/mp4\" src=\"https:\/\/zenmassage.dk\/wp-content\/uploads\/2023\/08\/VID-20230802-WA0007.mp4?_=1\" \/><a href=\"https:\/\/zenmassage.dk\/wp-content\/uploads\/2023\/08\/VID-20230802-WA0007.mp4\">https:\/\/zenmassage.dk\/wp-content\/uploads\/2023\/08\/VID-20230802-WA0007.mp4<\/a><\/video><\/div>\n<p><span style=\"font-weight: 400;\">Lomi Lomi Nui massage, almindeligvis omtalt som Lomi Lomi eller Hawaiian massage, er en traditionel form for helbredende kropsarbejde, der stammer fra den oprindelige hawaiianske kultur. Udtrykket &quot;Lomi&quot; betyder at gnide, \u00e6lte eller dulme, og &quot;Nui&quot; betyder fantastisk, der henviser til dybden og intensiteten af massagen. Lomi Lomi Nui massage beskrives ofte som en holistisk praksis, der ikke kun har til form\u00e5l at slappe af i kroppen, men ogs\u00e5 fremmer spirituel og f\u00f8lelsesm\u00e6ssig heling.<\/span><\/p>\n<p><span style=\"font-weight: 400;\">Lomi Lomi Nui massage hos Zen Massage inkorporerer lange, flydende str\u00f8g, der efterligner havets b\u00f8lgers rytme, og skaber en s\u00f8ml\u00f8s dans af afslapning over hele din krop. Terapeuten vil bruge deres underarme, h\u00e5ndflader og albuer til at p\u00e5f\u00f8re et blidt, men fast tryk, der hj\u00e6lper med at frig\u00f8re sp\u00e6ndinger og stramhed i dine muskler.<\/span><\/p>\n<p><span style=\"font-weight: 400;\">Under hele massagen vil du bem\u00e6rke terapeutens bevidste brug af \u00e5ndedr\u00e6t, der tilf\u00f8rer behandlingen positive hensigter og aloha (k\u00e6rlighed) for at forbedre helingsprocessen. Kombinationen af beroligende str\u00f8g og bevidst \u00e5ndedr\u00e6t arbejder synergistisk for at skabe en dyb f\u00f8lelse af velv\u00e6re og balance i dig.<\/span><\/p>\n<p><span style=\"font-weight: 400;\">Efterh\u00e5nden som sessionen skrider frem, kan du opleve, at du driver ind i en meditativ tilstand, forbinder dig med dit indre og omfavner en \u00f8get bevidsthed om din krop og sind. Enhver f\u00f8lelsesm\u00e6ssig eller energisk blokering vil blive behandlet forsigtigt, hvilket giver mulighed for en dybtg\u00e5ende frigivelse af stress og sp\u00e6ndinger.<\/span><\/p>\n<p><span style=\"font-weight: 400;\">Lomi Lomi Nui massage hos Zen Massage er en helkropsoplevelse, der omfatter ryg, skuldre, arme, ben og f\u00f8dder. Du vil forlade sessionen og f\u00f8le dig dybt forynget, b\u00e5de fysisk og \u00e5ndeligt, med en nyfundet f\u00f8lelse af klarhed og vitalitet.<\/span><\/p>\n<p><span style=\"font-weight: 400;\">Vi inviterer dig til at fork\u00e6le dig med den transformerende kraft af Lomi Lomi Nui massage p\u00e5 Zen Massage og opdage den dybe helbredelse og afslapning, som denne gamle hawaiianske kunst bringer. Omfavn rejsen til indre harmoni og velv\u00e6re, og tr\u00e6d ind i en verden af ro og foryngelse med vores enest\u00e5ende Lomi Lomi Nui massageterapi.<\/span><\/p>","protected":false},"excerpt":{"rendered":"<p>\ud83c\udf3a Oplev essensen af Aloha med Lomi Lomi Nui Massage hos Zen Massage! \ud83c\udf3aSlap af i armene p\u00e5 \u00e6ldgamle hawaiianske helbredende traditioner, da Zen Massage giver dig den uds\u00f8gte Lomi Lomi Nui massage. \ud83c\udf0a M\u00e6rk de blide b\u00f8lger af afslapning skylle ind over din krop, beroliger alle muskler og l\u00f8sner sp\u00e6ndinger.<span style=\"font-weight: 400;\">\ud83c\udf38 Omfavn den transformerende kraft af denne helkropsmassage, der adresserer f\u00f8lelsesm\u00e6ssige og energiske blokeringer, s\u00e5 du f\u00f8ler dig forynget og afbalanceret. \ud83c\udf38<\/span>\ud83c\udf3a Omfavn Aloha-\u00e5nden med Lomi Lomi Nui ved Zen Massage! Book din fredfyldte flugt i dag, og oplev essensen af hawaiiansk harmoni. \ud83c\udf3a<\/p>\n<p><strong>Lomi lomi nui massage pris<\/strong><br \/>\n60 min. \u2014\u2014\u2014- 1000 kr.<br \/>\n75 min. \u2014\u2014\u2014- 1200 kr.<br \/>\n90 min. \u2014\u2014\u2014- 1400 kr.<br \/>\n120 min. \u2014\u2014\u2014- 1850 kr.<\/p>\n<p><strong>Betaling og aflysninger<\/strong><br \/>\n\u2013 Vi accepterer kontanter, kort og mobilbetaling.<br \/>\n\u2013 Vi kr\u00e6ver minimum 24 timers varsel for at aflyse eller flytte en aftale.<br \/>\n\u2013 Aftaler, der aflyses inden for 24 timer efter din aftale, vil p\u00e5l\u00e6gges et 50% (af din bestilte service) afbestillingsgebyr.<br \/>\n\u2013 Eventuelle udeblivelser eller aflysninger med mindre end 4 timer skal v\u00e6re underlagt et 100 % afbestillingsgebyr for den reservation.<br \/>\n\u2013 Eventuelle aflysninger eller \u00e6ndringer af din reservation skal kommunikeres via telefon, e-mail eller via online booking.<br \/>\n\u2013 I tilf\u00e6lde af uundg\u00e5elige omst\u00e6ndigheder eller n\u00f8dsituationer kan undtagelser overvejes efter Zen Massages sk\u00f8n.<\/p>","protected":false},"featured_media":961,"template":"","meta":{"_eb_attr":"","inline_featured_image":false},"product_brand":[],"product_cat":[21],"product_tag":[],"class_list":{"0":"post-962","1":"product","2":"type-product","3":"status-publish","4":"has-post-thumbnail","6":"product_cat-body-massage","7":"latest_post","9":"first","10":"instock","11":"shipping-taxable","12":"product-type-external"},"jetpack_sharing_enabled":true,"_links":{"self":[{"href":"https:\/\/zenmassage.dk\/da\/wp-json\/wp\/v2\/product\/962","targetHints":{"allow":["GET"]}}],"collection":[{"href":"https:\/\/zenmassage.dk\/da\/wp-json\/wp\/v2\/product"}],"about":[{"href":"https:\/\/zenmassage.dk\/da\/wp-json\/wp\/v2\/types\/product"}],"wp:featuredmedia":[{"embeddable":true,"href":"https:\/\/zenmassage.dk\/da\/wp-json\/wp\/v2\/media\/961"}],"wp:attachment":[{"href":"https:\/\/zenmassage.dk\/da\/wp-json\/wp\/v2\/media?parent=962"}],"wp:term":[{"taxonomy":"product_brand","embeddable":true,"href":"https:\/\/zenmassage.dk\/da\/wp-json\/wp\/v2\/product_brand?post=962"},{"taxonomy":"product_cat","embeddable":true,"href":"https:\/\/zenmassage.dk\/da\/wp-json\/wp\/v2\/product_cat?post=962"},{"taxonomy":"product_tag","embeddable":true,"href":"https:\/\/zenmassage.dk\/da\/wp-json\/wp\/v2\/product_tag?post=962"}],"curies":[{"name":"wp","href":"https:\/\/api.w.org\/{rel}","templated":true}]}}